{"id":2560,"date":"2018-03-28T08:52:13","date_gmt":"2018-03-28T08:52:13","guid":{"rendered":"http:\/\/www.riomare.ca\/linee-prodotto\/"},"modified":"2021-07-09T08:24:29","modified_gmt":"2021-07-09T08:24:29","slug":"lignes-de-produits","status":"publish","type":"page","link":"https:\/\/www.riomare.ca\/fr\/lignes-de-produits\/","title":{"rendered":"Gammes de produits"},"content":{"rendered":"","protected":false},"excerpt":{"rendered":"","protected":false},"author":2,"featured_media":0,"parent":0,"menu_order":0,"comment_status":"closed","ping_status":"closed","template":"template-linee-prodotto.php","meta":[],"acf":[],"yoast_head":"<!-- This site is optimized with the Yoast SEO plugin v19.13 - https:\/\/yoast.com\/wordpress\/plugins\/seo\/ -->\n<title>Tous les produits Rio Mare: qualit\u00e9 et go\u00fbt<\/title>\n<meta name=\"description\" content=\"D\u00e9couvrez toutes les curiosit\u00e9s du produits Rio Mare: thon, salades de thon, saumon ate maquereau. Laissez-vous inspirer par le go\u00fbt unique des produits Rio Mare.\" \/>\n<meta name=\"robots\" content=\"index, follow, max-snippet:-1, max-image-preview:large, max-video-preview:-1\" \/>\n<link rel=\"canonical\" href=\"https:\/\/www.riomare.ca\/fr\/lignes-de-produits\/\" \/>\n<meta property=\"og:locale\" content=\"fr_FR\" \/>\n<meta property=\"og:type\" content=\"article\" \/>\n<meta property=\"og:title\" content=\"Tous les produits Rio Mare: qualit\u00e9 et go\u00fbt\" \/>\n<meta property=\"og:description\" content=\"D\u00e9couvrez toutes les curiosit\u00e9s du produits Rio Mare: thon, salades de thon, saumon ate maquereau. Laissez-vous inspirer par le go\u00fbt unique des produits Rio Mare.\" \/>\n<meta property=\"og:url\" content=\"https:\/\/www.riomare.ca\/fr\/lignes-de-produits\/\" \/>\n<meta property=\"og:site_name\" content=\"Rio Mare Canada\" \/>\n<meta property=\"article:modified_time\" content=\"2021-07-09T08:24:29+00:00\" \/>\n<meta name=\"twitter:card\" content=\"summary_large_image\" \/>\n<script type=\"application\/ld+json\" class=\"yoast-schema-graph\">{\"@context\":\"https:\/\/schema.org\",\"@graph\":[{\"@type\":\"WebPage\",\"@id\":\"https:\/\/www.riomare.ca\/fr\/lignes-de-produits\/\",\"url\":\"https:\/\/www.riomare.ca\/fr\/lignes-de-produits\/\",\"name\":\"Tous les produits Rio Mare: qualit\u00e9 et go\u00fbt\",\"isPartOf\":{\"@id\":\"https:\/\/www.riomare.ca\/#website\"},\"datePublished\":\"2018-03-28T08:52:13+00:00\",\"dateModified\":\"2021-07-09T08:24:29+00:00\",\"description\":\"D\u00e9couvrez toutes les curiosit\u00e9s du produits Rio Mare: thon, salades de thon, saumon ate maquereau. Laissez-vous inspirer par le go\u00fbt unique des produits Rio Mare.\",\"breadcrumb\":{\"@id\":\"https:\/\/www.riomare.ca\/fr\/lignes-de-produits\/#breadcrumb\"},\"inLanguage\":\"fr-FR\",\"potentialAction\":[{\"@type\":\"ReadAction\",\"target\":[\"https:\/\/www.riomare.ca\/fr\/lignes-de-produits\/\"]}]},{\"@type\":\"BreadcrumbList\",\"@id\":\"https:\/\/www.riomare.ca\/fr\/lignes-de-produits\/#breadcrumb\",\"itemListElement\":[{\"@type\":\"ListItem\",\"position\":1,\"name\":\"Home\",\"item\":\"https:\/\/www.riomare.ca\/fr\/\"},{\"@type\":\"ListItem\",\"position\":2,\"name\":\"Gammes de produits\"}]},{\"@type\":\"WebSite\",\"@id\":\"https:\/\/www.riomare.ca\/#website\",\"url\":\"https:\/\/www.riomare.ca\/\",\"name\":\"Rio Mare Canada\",\"description\":\"Rio Mare\",\"publisher\":{\"@id\":\"https:\/\/www.riomare.ca\/#organization\"},\"potentialAction\":[{\"@type\":\"SearchAction\",\"target\":{\"@type\":\"EntryPoint\",\"urlTemplate\":\"https:\/\/www.riomare.ca\/?s={search_term_string}\"},\"query-input\":\"required name=search_term_string\"}],\"inLanguage\":\"fr-FR\"},{\"@type\":\"Organization\",\"@id\":\"https:\/\/www.riomare.ca\/#organization\",\"name\":\"Rio Mare\",\"url\":\"https:\/\/www.riomare.ca\/\",\"logo\":{\"@type\":\"ImageObject\",\"inLanguage\":\"fr-FR\",\"@id\":\"https:\/\/www.riomare.ca\/#\/schema\/logo\/image\/\",\"url\":\"https:\/\/www.riomare.ca\/wp-content\/uploads\/2018\/06\/riomare.png\",\"contentUrl\":\"https:\/\/www.riomare.ca\/wp-content\/uploads\/2018\/06\/riomare.png\",\"width\":185,\"height\":106,\"caption\":\"Rio Mare\"},\"image\":{\"@id\":\"https:\/\/www.riomare.ca\/#\/schema\/logo\/image\/\"}}]}<\/script>\n<!-- \/ Yoast SEO plugin. -->","yoast_head_json":{"title":"Tous les produits Rio Mare: qualit\u00e9 et go\u00fbt","description":"D\u00e9couvrez toutes les curiosit\u00e9s du produits Rio Mare: thon, salades de thon, saumon ate maquereau. Laissez-vous inspirer par le go\u00fbt unique des produits Rio Mare.","robots":{"index":"index","follow":"follow","max-snippet":"max-snippet:-1","max-image-preview":"max-image-preview:large","max-video-preview":"max-video-preview:-1"},"canonical":"https:\/\/www.riomare.ca\/fr\/lignes-de-produits\/","og_locale":"fr_FR","og_type":"article","og_title":"Tous les produits Rio Mare: qualit\u00e9 et go\u00fbt","og_description":"D\u00e9couvrez toutes les curiosit\u00e9s du produits Rio Mare: thon, salades de thon, saumon ate maquereau. Laissez-vous inspirer par le go\u00fbt unique des produits Rio Mare.","og_url":"https:\/\/www.riomare.ca\/fr\/lignes-de-produits\/","og_site_name":"Rio Mare Canada","article_modified_time":"2021-07-09T08:24:29+00:00","twitter_card":"summary_large_image","schema":{"@context":"https:\/\/schema.org","@graph":[{"@type":"WebPage","@id":"https:\/\/www.riomare.ca\/fr\/lignes-de-produits\/","url":"https:\/\/www.riomare.ca\/fr\/lignes-de-produits\/","name":"Tous les produits Rio Mare: qualit\u00e9 et go\u00fbt","isPartOf":{"@id":"https:\/\/www.riomare.ca\/#website"},"datePublished":"2018-03-28T08:52:13+00:00","dateModified":"2021-07-09T08:24:29+00:00","description":"D\u00e9couvrez toutes les curiosit\u00e9s du produits Rio Mare: thon, salades de thon, saumon ate maquereau. Laissez-vous inspirer par le go\u00fbt unique des produits Rio Mare.","breadcrumb":{"@id":"https:\/\/www.riomare.ca\/fr\/lignes-de-produits\/#breadcrumb"},"inLanguage":"fr-FR","potentialAction":[{"@type":"ReadAction","target":["https:\/\/www.riomare.ca\/fr\/lignes-de-produits\/"]}]},{"@type":"BreadcrumbList","@id":"https:\/\/www.riomare.ca\/fr\/lignes-de-produits\/#breadcrumb","itemListElement":[{"@type":"ListItem","position":1,"name":"Home","item":"https:\/\/www.riomare.ca\/fr\/"},{"@type":"ListItem","position":2,"name":"Gammes de produits"}]},{"@type":"WebSite","@id":"https:\/\/www.riomare.ca\/#website","url":"https:\/\/www.riomare.ca\/","name":"Rio Mare Canada","description":"Rio Mare","publisher":{"@id":"https:\/\/www.riomare.ca\/#organization"},"potentialAction":[{"@type":"SearchAction","target":{"@type":"EntryPoint","urlTemplate":"https:\/\/www.riomare.ca\/?s={search_term_string}"},"query-input":"required name=search_term_string"}],"inLanguage":"fr-FR"},{"@type":"Organization","@id":"https:\/\/www.riomare.ca\/#organization","name":"Rio Mare","url":"https:\/\/www.riomare.ca\/","logo":{"@type":"ImageObject","inLanguage":"fr-FR","@id":"https:\/\/www.riomare.ca\/#\/schema\/logo\/image\/","url":"https:\/\/www.riomare.ca\/wp-content\/uploads\/2018\/06\/riomare.png","contentUrl":"https:\/\/www.riomare.ca\/wp-content\/uploads\/2018\/06\/riomare.png","width":185,"height":106,"caption":"Rio Mare"},"image":{"@id":"https:\/\/www.riomare.ca\/#\/schema\/logo\/image\/"}}]}},"_links":{"self":[{"href":"https:\/\/www.riomare.ca\/fr\/wp-json\/wp\/v2\/pages\/2560"}],"collection":[{"href":"https:\/\/www.riomare.ca\/fr\/wp-json\/wp\/v2\/pages"}],"about":[{"href":"https:\/\/www.riomare.ca\/fr\/wp-json\/wp\/v2\/types\/page"}],"author":[{"embeddable":true,"href":"https:\/\/www.riomare.ca\/fr\/wp-json\/wp\/v2\/users\/2"}],"replies":[{"embeddable":true,"href":"https:\/\/www.riomare.ca\/fr\/wp-json\/wp\/v2\/comments?post=2560"}],"version-history":[{"count":3,"href":"https:\/\/www.riomare.ca\/fr\/wp-json\/wp\/v2\/pages\/2560\/revisions"}],"predecessor-version":[{"id":4472,"href":"https:\/\/www.riomare.ca\/fr\/wp-json\/wp\/v2\/pages\/2560\/revisions\/4472"}],"wp:attachment":[{"href":"https:\/\/www.riomare.ca\/fr\/wp-json\/wp\/v2\/media?parent=2560"}],"curies":[{"name":"wp","href":"https:\/\/api.w.org\/{rel}","templated":true}]}}