{"id":2598,"date":"2018-03-21T18:57:20","date_gmt":"2018-03-21T18:57:20","guid":{"rendered":"http:\/\/www.riomare.ca\/preziose-risorse\/"},"modified":"2023-01-24T16:26:06","modified_gmt":"2023-01-24T16:26:06","slug":"des-ressources-precieuses","status":"publish","type":"page","link":"https:\/\/www.riomare.ca\/fr\/des-ressources-precieuses\/","title":{"rendered":"Des ressources pr\u00e9cieuses"},"content":{"rendered":"\t<section class=\"section\" id=\"section_743405514\">\n\t\t<div class=\"bg section-bg fill bg-fill  bg-loaded\" >\n\n\t\t\t\n\t\t\t\n\t\t\t\n\n\t\t<\/div>\n\n\t\t<div class=\"section-content relative\">\n\t\t\t\n<div class=\"row row-collapse\"  id=\"row-1639561263\">\n\n\t<div id=\"col-945367122\" class=\"col medium-6 small-12 large-6\"  >\n\t\t<div class=\"col-inner\"  >\n\t\t\t\n\t\t\t\n\t<div class=\"img has-hover x md-x lg-x y md-y lg-y\" id=\"image_1381076608\">\n\t\t\t\t\t\t\t\t<div class=\"img-inner dark\" >\n\t\t\t<img width=\"779\" height=\"971\" src=\"https:\/\/www.riomare.ca\/wp-content\/uploads\/2018\/03\/67.jpg\" class=\"attachment-original size-original\" alt=\"\" decoding=\"async\" loading=\"lazy\" srcset=\"https:\/\/www.riomare.ca\/wp-content\/uploads\/2018\/03\/67.jpg 779w, https:\/\/www.riomare.ca\/wp-content\/uploads\/2018\/03\/67-241x300.jpg 241w, https:\/\/www.riomare.ca\/wp-content\/uploads\/2018\/03\/67-768x957.jpg 768w\" sizes=\"(max-width: 779px) 100vw, 779px\" \/>\t\t\t\t\t\t\n\t\t\t\t\t<\/div>\n\t\t\t\t\t\t\t\t\n<style>\n#image_1381076608 {\n  width: 100%;\n}\n<\/style>\n\t<\/div>\n\t\n\t\t<\/div>\n\t\t\t<\/div>\n\n\t\n\n\t<div id=\"col-1998673601\" class=\"col medium-6 small-12 large-6\"  >\n\t\t<div class=\"col-inner\"  >\n\t\t\t\n\t\t\t\n<h3 class=\"plutobold\" style=\"font-size: 40px; margin-top: 0px !important; line-height: 45px;\">Des ressources pr\u00e9cieuses<\/h3>\n<p style=\"color: #008fcc; font-size: 20px; line-height: 25px;\">Une mine d&rsquo;or en prot\u00e9ines.<br \/>\nGr\u00e2ce \u00e0 sa haute teneur en prot\u00e9ines, 100 g de thon \u00e9goutt\u00e9 procure environ un dixi\u00e8me de la quantit\u00e9 totale de prot\u00e9ines n\u00e9cessaires quotidiennement \u00e0 un adulte en bonne sant\u00e9. <\/p>\n<p class=\"plutolight\" style=\"margin-top: 20px !important;\">Facilement assimil\u00e9es, les prot\u00e9ines dites \u00abNOBLES\u00bb sont \u00e9galement essentielles dans la reconstruction et la r\u00e9paration des tissus, une garantie de plus pour rester en bonne sant\u00e9 et en forme optimale, gr\u00e2ce aux \u00e9changes cellulaires.<\/p>\n<p class=\"plutolight\" style=\"margin-top: 20px !important;\">\n100 g de thon \u00e0 l&rsquo;huile d&rsquo;olive contiennent 18,5 g de prot\u00e9ines, plus qu&rsquo;un steak frais du m\u00eame poids ! Saviez-vous qu&rsquo;un adulte a besoin quotidiennement d&rsquo;une quantit\u00e9 en gramme de prot\u00e9ines \u00e9quivalente \u00e0 son poids corporel en kilos ? Sachant cela, il ne fait aucun doute que le thon est une solution id\u00e9ale pour garantir un r\u00e9gime \u00e9quilibr\u00e9, sain et l\u00e9ger. <\/p>\n<p class=\"plutolight\" style=\"margin-top: 20px !important;\">De plus comme le thon Rio Mare ne contient aucun tissu conjonctif, il est facile \u00e0 dig\u00e9rer, et peut \u00eatre d\u00e9gust\u00e9, sans aucun probl\u00e8me, aussi bien par des enfants que par des adultes.<\/p>\n<p class=\"plutolight\" style=\"margin-top: 20px !important;\">\nLes prot\u00e9ines de certains poissons sont \u00e9galement particuli\u00e8rement riches en arginine, l&rsquo;acide amin\u00e9 que le corps utilise pour synth\u00e9tiser le nitroxyde (NO), et qui assure un fonctionnement vasculaire efficace, de m\u00eame que la protection des vaisseaux art\u00e9riels contre l&rsquo;ath\u00e9roscl\u00e9rose. <\/p>\n<p class=\"plutolight\" style=\"margin-top: 20px !important;\">Certains petits peptides poss\u00e8dent \u00e9galement un effet antioxydant.<\/p>\n<p class=\"plutolight\" style=\"margin-top: 20px !important;\">\nLes b\u00e9n\u00e9fices du phosphore<br \/>\n\u00c0 c\u00f4t\u00e9 du calcium, le phosphore est aussi un min\u00e9ral essentiel pour notre organisme, et ces deux nutriments travaillent \u00e9troitement ensemble pour nous assurer des os et des dents solides. <\/p>\n<p class=\"plutolight\" style=\"margin-top: 20px !important;\">Le phosphore joue aussi un r\u00f4le essentiel dans le contr\u00f4le de l&rsquo;\u00e9quilibre du syst\u00e8me nerveux. Pour nous garantir un apport correct de phosphore, les nutritionnistes recommandent en g\u00e9n\u00e9ral une ingestion quotidienne de 800 milligrammes. 100 g de thon \u00e0 l&rsquo;huile d&rsquo;olive garantissent environ 20 % de l&rsquo;apport recommand\u00e9. Le thon jaune est une des esp\u00e8ces de poissons les plus riches en phosphore.<\/p>\n\t\t<\/div>\n\t\t\t<\/div>\n\n\t\n\n<style>\n#row-1639561263 > .col > .col-inner {\n  padding: 0px 15px 0px 15px;\n}\n<\/style>\n<\/div>\n\t\t<\/div>\n\n\t\t\n<style>\n#section_743405514 {\n  padding-top: 150px;\n  padding-bottom: 150px;\n  background-color: rgb(255, 255, 255);\n}\n<\/style>\n\t<\/section>\n\t\n\t<section class=\"section dark\" id=\"section_537671866\">\n\t\t<div class=\"bg section-bg fill bg-fill  bg-loaded\" >\n\n\t\t\t\n\t\t\t\n\t\t\t\n\n\t\t<\/div>\n\n\t\t<div class=\"section-content relative\">\n\t\t\t\n<div class=\"row align-equal\"  id=\"row-2086765\">\n\n\t<div id=\"col-1859083666\" class=\"col small-12 large-12\"  >\n\t\t<div class=\"col-inner text-center\"  >\n\t\t\t\n\t\t\t\n<h3 class=\"plutobold uppercase\" style=\"font-size: 28px;\">lire d&rsquo;autres articles<\/h3>\n\t\t<\/div>\n\t\t\t<\/div>\n\n\t\n\n\t<div id=\"col-786854331\" class=\"col linkpescenelladieta medium-6 small-12 large-3\"  >\n\t\t<div class=\"col-inner\"  >\n\t\t\t\n\t\t\t\n<h3 class=\"plutobold\" style=\"padding: 0px 10px; font-size: 24px; line-height: 26px;\">&nbsp;<br \/>Le poisson dans <br \/>le r\u00e9gime m\u00e9diterran\u00e9en<br \/>\n<\/h3>\n\t<div class=\"img has-hover x md-x lg-x y md-y lg-y\" id=\"image_1964680059\">\n\t\t<a class=\"\" href=\"\/fr\/poisson-dans-la-nutrition-mediterraneen\/\"  >\t\t\t\t\t\t<div class=\"img-inner dark\" >\n\t\t\t<img width=\"350\" height=\"200\" src=\"https:\/\/www.riomare.ca\/wp-content\/uploads\/2018\/04\/shutterstock_415721434.png\" class=\"attachment-large size-large\" alt=\"\" decoding=\"async\" loading=\"lazy\" srcset=\"https:\/\/www.riomare.ca\/wp-content\/uploads\/2018\/04\/shutterstock_415721434.png 350w, https:\/\/www.riomare.ca\/wp-content\/uploads\/2018\/04\/shutterstock_415721434-300x171.png 300w\" sizes=\"(max-width: 350px) 100vw, 350px\" \/>\t\t\t\t\t\t\n\t\t\t\t\t<\/div>\n\t\t\t\t\t\t<\/a>\t\t\n<style>\n#image_1964680059 {\n  width: 100%;\n}\n<\/style>\n\t<\/div>\n\t\n<p style=\"font-size: 16px; line-height: 20px; padding: 0px 10px !important;\">Des aliments sant\u00e9 alli\u00e9s \u00e0 un mode de vie actif jouent un r\u00f4le fondamental dans la pr\u00e9vention de plusieurs pathologies dites \u00ab maladies du bien-\u00eatre \u00bb.<br \/>&nbsp;<br \/>&nbsp;\n<\/p>\n<p class=\"plutobold uppercase\" style=\"margin-top: 30px !important; font-size: 18px; padding: 0px 10px !important;\"><a href=\"\/fr\/poisson-dans-la-nutrition-mediterraneen\/\">En savoir plus<\/a><\/p>\n\t\t<\/div>\n\t\t\t<\/div>\n\n\t\n\n\t<div id=\"col-364508545\" class=\"col linkprezioserisorse medium-6 small-12 large-3\"  >\n\t\t<div class=\"col-inner\"  >\n\t\t\t\n\t\t\t\n<h3 class=\"plutobold\" style=\"padding: 0px 10px; font-size: 24px; line-height: 26px;\">&nbsp;<br \/>&nbsp;<br \/>Des ressources pr\u00e9cieuses <br \/>\n<\/h3>\n\t<div class=\"img has-hover x md-x lg-x y md-y lg-y\" id=\"image_1991940852\">\n\t\t<a class=\"\" href=\"\/fr\/des-ressources-precieuses\/\"  >\t\t\t\t\t\t<div class=\"img-inner dark\" >\n\t\t\t<img width=\"350\" height=\"200\" src=\"https:\/\/www.riomare.ca\/wp-content\/uploads\/2018\/04\/TO-O-008_L_crostone-andrea.png\" class=\"attachment-large size-large\" alt=\"\" decoding=\"async\" loading=\"lazy\" srcset=\"https:\/\/www.riomare.ca\/wp-content\/uploads\/2018\/04\/TO-O-008_L_crostone-andrea.png 350w, https:\/\/www.riomare.ca\/wp-content\/uploads\/2018\/04\/TO-O-008_L_crostone-andrea-300x171.png 300w\" sizes=\"(max-width: 350px) 100vw, 350px\" \/>\t\t\t\t\t\t\n\t\t\t\t\t<\/div>\n\t\t\t\t\t\t<\/a>\t\t\n<style>\n#image_1991940852 {\n  width: 100%;\n}\n<\/style>\n\t<\/div>\n\t\n<p style=\"font-size: 16px; line-height: 20px; padding: 0px 10px !important;\">Gr\u00e2ce \u00e0 son apport consid\u00e9rable en prot\u00e9ines, une portion de 100 g de thon \u00e9goutt\u00e9 fournit \u00e0 un adulte pr\u00e8s d\u2019un dixi\u00e8me de ses besoins \u00e9nerg\u00e9tiques journaliers.<br \/>&nbsp;<br \/>&nbsp;\n<\/p>\n<p class=\"plutobold uppercase\" style=\"margin-top: 30px !important; font-size: 18px; padding: 0px 10px !important;\"><a href=\"\/fr\/des-ressources-precieuses\/\">En savoir plus<\/a><\/p>\n\t\t<\/div>\n\t\t\t<\/div>\n\n\t\n\n\t<div id=\"col-680275732\" class=\"col linkcrescerecongusto medium-6 small-12 large-3\"  >\n\t\t<div class=\"col-inner\"  >\n\t\t\t\n\t\t\t\n<p>&nbsp;<\/p>\n<p>&nbsp;<\/p>\n<h3 class=\"plutobold\" style=\"padding: 0px 10px; font-size: 24px; line-height: 26px;\">Grandir en se r\u00e9galant!<\/h3>\n\t<div class=\"img has-hover x md-x lg-x y md-y lg-y\" id=\"image_1800211051\">\n\t\t<a class=\"\" href=\"\/fr\/rio-mare-pour-des-enfants-plus-sains-et-plus-fort\/\"  >\t\t\t\t\t\t<div class=\"img-inner dark\" >\n\t\t\t<img width=\"350\" height=\"200\" src=\"https:\/\/www.riomare.ca\/wp-content\/uploads\/2018\/04\/shutterstock_727282390.png\" class=\"attachment-large size-large\" alt=\"\" decoding=\"async\" loading=\"lazy\" srcset=\"https:\/\/www.riomare.ca\/wp-content\/uploads\/2018\/04\/shutterstock_727282390.png 350w, https:\/\/www.riomare.ca\/wp-content\/uploads\/2018\/04\/shutterstock_727282390-300x171.png 300w\" sizes=\"(max-width: 350px) 100vw, 350px\" \/>\t\t\t\t\t\t\n\t\t\t\t\t<\/div>\n\t\t\t\t\t\t<\/a>\t\t\n<style>\n#image_1800211051 {\n  width: 100%;\n}\n<\/style>\n\t<\/div>\n\t\n<p style=\"font-size: 16px; line-height: 20px; padding: 0px 10px !important;\">Le thon Rio Mare est une fa\u00e7on sant\u00e9 et commode de familiariser les enfants avec le poisson car eux aussi l&rsquo;adorent! Savez-vous pourquoi? Parce qu\u2019il est savoureux, sans odeur ni ar\u00eates!<br \/>&nbsp;<\/p>\n<p class=\"plutobold uppercase\" style=\"margin-top: 30px !important; font-size: 18px; padding: 0px 10px !important;\"><a href=\"\/fr\/rio-mare-pour-des-enfants-plus-sains-et-plus-fort\/\">En savoir plus<\/a><\/p>\n\t\t<\/div>\n\t\t\t<\/div>\n\n\t\n\n\t<div id=\"col-1174244400\" class=\"col linkbenesserepochecalorie medium-6 small-12 large-3\"  >\n\t\t<div class=\"col-inner\"  >\n\t\t\t\n\t\t\t\n<p>&nbsp;<\/p>\n<h3 class=\"plutobold\" style=\"padding: 0px 10px; font-size: 24px; line-height: 26px;\">&nbsp;<br \/>Bien-\u00eatre et l\u00e9g\u00e8ret\u00e9<br \/>\n<\/h3>\n\t<div class=\"img has-hover x md-x lg-x y md-y lg-y\" id=\"image_268330929\">\n\t\t<a class=\"\" href=\"\/fr\/comparaison-des-valeurs-nutritionnelles\/\"  >\t\t\t\t\t\t<div class=\"img-inner dark\" >\n\t\t\t<img width=\"350\" height=\"200\" src=\"https:\/\/www.riomare.ca\/wp-content\/uploads\/2018\/04\/Livello-116.jpg\" class=\"attachment-large size-large\" alt=\"\" decoding=\"async\" loading=\"lazy\" srcset=\"https:\/\/www.riomare.ca\/wp-content\/uploads\/2018\/04\/Livello-116.jpg 350w, https:\/\/www.riomare.ca\/wp-content\/uploads\/2018\/04\/Livello-116-300x171.jpg 300w\" sizes=\"(max-width: 350px) 100vw, 350px\" \/>\t\t\t\t\t\t\n\t\t\t\t\t<\/div>\n\t\t\t\t\t\t<\/a>\t\t\n<style>\n#image_268330929 {\n  width: 100%;\n}\n<\/style>\n\t<\/div>\n\t\n<p style=\"font-size: 16px; line-height: 20px; padding: 0px 10px !important;\">Les produits Rio Mare sont plus l\u00e9gers et plus riches en nutriments que plusieurs aliments qui figurent souvent dans nos assiettes : nous les avons compar\u00e9s pour vous fournir de savoureuses alternatives..<\/p>\n<p class=\"plutobold uppercase\" style=\"margin-top: 30px !important; font-size: 18px; padding: 0px 10px !important;\"><a href=\"\/fr\/comparaison-des-valeurs-nutritionnelles\/\">En savoir plus<\/a><\/p>\n\t\t<\/div>\n\t\t\t<\/div>\n\n\t\n<\/div>\n\t\t<\/div>\n\n\t\t\n<style>\n#section_537671866 {\n  padding-top: 70px;\n  padding-bottom: 70px;\n  background-color: rgb(81, 159, 201);\n}\n<\/style>\n\t<\/section>\n\t\n\t<section class=\"section sliderhomepage sliderproducts\" id=\"section_260214384\">\n\t\t<div class=\"bg section-bg fill bg-fill  bg-loaded\" >\n\n\t\t\t\n\t\t\t\n\t\t\t\n\n\t\t<\/div>\n\n\t\t<div class=\"section-content relative\">\n\t\t\t\n<div class=\"slider-wrapper relative\" id=\"slider-687819220\" >\n    <div class=\"slider slider-nav-simple slider-nav-large slider-nav-light slider-style-normal slider-show-nav\"\n        data-flickity-options='{\n            \"cellAlign\": \"center\",\n            \"imagesLoaded\": true,\n            \"lazyLoad\": 1,\n            \"freeScroll\": false,\n            \"wrapAround\": true,\n            \"autoPlay\": 6000,\n            \"pauseAutoPlayOnHover\" : true,\n            \"prevNextButtons\": true,\n            \"contain\" : true,\n            \"adaptiveHeight\" : true,\n            \"dragThreshold\" : 10,\n            \"percentPosition\": true,\n            \"pageDots\": false,\n            \"rightToLeft\": false,\n            \"draggable\": true,\n            \"selectedAttraction\": 0.1,\n            \"parallax\" : 0,\n            \"friction\": 0.6        }'\n        >\n        \n\n  <div class=\"banner has-hover\" id=\"banner-1402122779\">\n          <div class=\"banner-inner fill\">\n        <div class=\"banner-bg fill\" >\n            <div class=\"bg fill bg-fill \"><\/div>\n                                    \n                    <\/div>\n        <div class=\"banner-layers container\">\n            <div class=\"fill banner-link\"><\/div>            \n   <div id=\"text-box-1606519878\" class=\"text-box banner-layer x50 md-x0 lg-x0 y90 md-y90 lg-y90 res-text\">\n                                <div class=\"text-box-content text \">\n              \n              <div class=\"text-inner text-center\">\n                  \n<div class=\"bannerbox\" style=\"text-align: left;\">\n<h1 class=\"uppercase plutobold\" style=\"font-size: 30px; line-height: 34px; letter-spacing: -2px;\"><strong>THON<\/strong><\/h1>\n<p class=\"plutoregular bannersubtitle\" style=\"padding-top: 20px!important; padding-bottom: 30px!important;\">Go\u00fbt unique, qualit\u00e9 et praticit\u00e9 en un seul produit. Le thon en conserve Rio Mare est une pr\u00e9cieuse source de prot\u00e9ines, de vitamines et de min\u00e9raux.\n<\/p>\n<\/div>\n<a href=\"https:\/\/www.riomare.ca\/fr\/produits\/thon\/\" target=\"_self\" class=\"button primary bannerbutton bannerbuttoncolor2\"  >\n    <span>En savoir plus<\/span>\n  <\/a>\n\n              <\/div>\n           <\/div>\n                            \n<style>\n#text-box-1606519878 .text-box-content {\n  background-color: rgb(255, 255, 255);\n  font-size: 100%;\n}\n#text-box-1606519878 .text-inner {\n  padding: 50px 50px 0px 50px;\n}\n#text-box-1606519878 {\n  width: 90%;\n}\n@media (min-width:550px) {\n  #text-box-1606519878 {\n    width: 80%;\n  }\n}\n@media (min-width:850px) {\n  #text-box-1606519878 {\n    width: 30%;\n  }\n}\n<\/style>\n    <\/div>\n \n        <\/div>\n      <\/div>\n\n            \n<style>\n#banner-1402122779 {\n  padding-top: 700px;\n}\n#banner-1402122779 .bg.bg-loaded {\n  background-image: url(https:\/\/www.riomare.ca\/wp-content\/uploads\/2018\/06\/header-pagina-tonno-1024x427.png);\n}\n#banner-1402122779 .bg {\n  background-position: center;\n}\n<\/style>\n  <\/div>\n\n\n\n     <\/div>\n\n     <div class=\"loading-spin dark large centered\"><\/div>\n\n          <style>\n            #slider-687819220 .flickity-slider > *{ max-width: 100%!important;\n     <\/style>\n     \t<\/div>\n\n\n\t\t<\/div>\n\n\t\t\n<style>\n#section_260214384 {\n  padding-top: 0px;\n  padding-bottom: 0px;\n}\n<\/style>\n\t<\/section>\n\t\n","protected":false},"excerpt":{"rendered":"","protected":false},"author":2,"featured_media":0,"parent":0,"menu_order":0,"comment_status":"closed","ping_status":"closed","template":"page-blank.php","meta":[],"acf":[],"yoast_head":"<!-- This site is optimized with the Yoast SEO plugin v19.13 - https:\/\/yoast.com\/wordpress\/plugins\/seo\/ -->\n<title>Des ressources pr\u00e9cieuses - Rio Mare Canada<\/title>\n<meta name=\"description\" content=\"A un adulto sono necessari ogni giorno tanti grammi di proteine quanti sono i chili del suo peso corporeo.Per questo il tonno \u00e8 uno tra gli alleati migliori per una alimentazione completa, corretta e leggera. Sai perch\u00e9?\" \/>\n<meta name=\"robots\" content=\"index, follow, max-snippet:-1, max-image-preview:large, max-video-preview:-1\" \/>\n<link rel=\"canonical\" href=\"https:\/\/www.riomare.ca\/fr\/des-ressources-precieuses\/\" \/>\n<meta property=\"og:locale\" content=\"fr_FR\" \/>\n<meta property=\"og:type\" content=\"article\" \/>\n<meta property=\"og:title\" content=\"Des ressources pr\u00e9cieuses - Rio Mare Canada\" \/>\n<meta property=\"og:description\" content=\"A un adulto sono necessari ogni giorno tanti grammi di proteine quanti sono i chili del suo peso corporeo.Per questo il tonno \u00e8 uno tra gli alleati migliori per una alimentazione completa, corretta e leggera. Sai perch\u00e9?\" \/>\n<meta property=\"og:url\" content=\"https:\/\/www.riomare.ca\/fr\/des-ressources-precieuses\/\" \/>\n<meta property=\"og:site_name\" content=\"Rio Mare Canada\" \/>\n<meta property=\"article:modified_time\" content=\"2023-01-24T16:26:06+00:00\" \/>\n<meta name=\"twitter:card\" content=\"summary_large_image\" \/>\n<meta name=\"twitter:label1\" content=\"Dur\u00e9e de lecture estim\u00e9e\" \/>\n\t<meta name=\"twitter:data1\" content=\"4 minutes\" \/>\n<script type=\"application\/ld+json\" class=\"yoast-schema-graph\">{\"@context\":\"https:\/\/schema.org\",\"@graph\":[{\"@type\":\"WebPage\",\"@id\":\"https:\/\/www.riomare.ca\/fr\/des-ressources-precieuses\/\",\"url\":\"https:\/\/www.riomare.ca\/fr\/des-ressources-precieuses\/\",\"name\":\"Des ressources pr\u00e9cieuses - Rio Mare Canada\",\"isPartOf\":{\"@id\":\"https:\/\/www.riomare.ca\/#website\"},\"datePublished\":\"2018-03-21T18:57:20+00:00\",\"dateModified\":\"2023-01-24T16:26:06+00:00\",\"description\":\"A un adulto sono necessari ogni giorno tanti grammi di proteine quanti sono i chili del suo peso corporeo.Per questo il tonno \u00e8 uno tra gli alleati migliori per una alimentazione completa, corretta e leggera. Sai perch\u00e9?\",\"breadcrumb\":{\"@id\":\"https:\/\/www.riomare.ca\/fr\/des-ressources-precieuses\/#breadcrumb\"},\"inLanguage\":\"fr-FR\",\"potentialAction\":[{\"@type\":\"ReadAction\",\"target\":[\"https:\/\/www.riomare.ca\/fr\/des-ressources-precieuses\/\"]}]},{\"@type\":\"BreadcrumbList\",\"@id\":\"https:\/\/www.riomare.ca\/fr\/des-ressources-precieuses\/#breadcrumb\",\"itemListElement\":[{\"@type\":\"ListItem\",\"position\":1,\"name\":\"Home\",\"item\":\"https:\/\/www.riomare.ca\/fr\/\"},{\"@type\":\"ListItem\",\"position\":2,\"name\":\"Des ressources pr\u00e9cieuses\"}]},{\"@type\":\"WebSite\",\"@id\":\"https:\/\/www.riomare.ca\/#website\",\"url\":\"https:\/\/www.riomare.ca\/\",\"name\":\"Rio Mare Canada\",\"description\":\"Rio Mare\",\"publisher\":{\"@id\":\"https:\/\/www.riomare.ca\/#organization\"},\"potentialAction\":[{\"@type\":\"SearchAction\",\"target\":{\"@type\":\"EntryPoint\",\"urlTemplate\":\"https:\/\/www.riomare.ca\/?s={search_term_string}\"},\"query-input\":\"required name=search_term_string\"}],\"inLanguage\":\"fr-FR\"},{\"@type\":\"Organization\",\"@id\":\"https:\/\/www.riomare.ca\/#organization\",\"name\":\"Rio Mare\",\"url\":\"https:\/\/www.riomare.ca\/\",\"logo\":{\"@type\":\"ImageObject\",\"inLanguage\":\"fr-FR\",\"@id\":\"https:\/\/www.riomare.ca\/#\/schema\/logo\/image\/\",\"url\":\"https:\/\/www.riomare.ca\/wp-content\/uploads\/2018\/06\/riomare.png\",\"contentUrl\":\"https:\/\/www.riomare.ca\/wp-content\/uploads\/2018\/06\/riomare.png\",\"width\":185,\"height\":106,\"caption\":\"Rio Mare\"},\"image\":{\"@id\":\"https:\/\/www.riomare.ca\/#\/schema\/logo\/image\/\"}}]}<\/script>\n<!-- \/ Yoast SEO plugin. -->","yoast_head_json":{"title":"Des ressources pr\u00e9cieuses - Rio Mare Canada","description":"A un adulto sono necessari ogni giorno tanti grammi di proteine quanti sono i chili del suo peso corporeo.Per questo il tonno \u00e8 uno tra gli alleati migliori per una alimentazione completa, corretta e leggera. Sai perch\u00e9?","robots":{"index":"index","follow":"follow","max-snippet":"max-snippet:-1","max-image-preview":"max-image-preview:large","max-video-preview":"max-video-preview:-1"},"canonical":"https:\/\/www.riomare.ca\/fr\/des-ressources-precieuses\/","og_locale":"fr_FR","og_type":"article","og_title":"Des ressources pr\u00e9cieuses - Rio Mare Canada","og_description":"A un adulto sono necessari ogni giorno tanti grammi di proteine quanti sono i chili del suo peso corporeo.Per questo il tonno \u00e8 uno tra gli alleati migliori per una alimentazione completa, corretta e leggera. Sai perch\u00e9?","og_url":"https:\/\/www.riomare.ca\/fr\/des-ressources-precieuses\/","og_site_name":"Rio Mare Canada","article_modified_time":"2023-01-24T16:26:06+00:00","twitter_card":"summary_large_image","twitter_misc":{"Dur\u00e9e de lecture estim\u00e9e":"4 minutes"},"schema":{"@context":"https:\/\/schema.org","@graph":[{"@type":"WebPage","@id":"https:\/\/www.riomare.ca\/fr\/des-ressources-precieuses\/","url":"https:\/\/www.riomare.ca\/fr\/des-ressources-precieuses\/","name":"Des ressources pr\u00e9cieuses - Rio Mare Canada","isPartOf":{"@id":"https:\/\/www.riomare.ca\/#website"},"datePublished":"2018-03-21T18:57:20+00:00","dateModified":"2023-01-24T16:26:06+00:00","description":"A un adulto sono necessari ogni giorno tanti grammi di proteine quanti sono i chili del suo peso corporeo.Per questo il tonno \u00e8 uno tra gli alleati migliori per una alimentazione completa, corretta e leggera. Sai perch\u00e9?","breadcrumb":{"@id":"https:\/\/www.riomare.ca\/fr\/des-ressources-precieuses\/#breadcrumb"},"inLanguage":"fr-FR","potentialAction":[{"@type":"ReadAction","target":["https:\/\/www.riomare.ca\/fr\/des-ressources-precieuses\/"]}]},{"@type":"BreadcrumbList","@id":"https:\/\/www.riomare.ca\/fr\/des-ressources-precieuses\/#breadcrumb","itemListElement":[{"@type":"ListItem","position":1,"name":"Home","item":"https:\/\/www.riomare.ca\/fr\/"},{"@type":"ListItem","position":2,"name":"Des ressources pr\u00e9cieuses"}]},{"@type":"WebSite","@id":"https:\/\/www.riomare.ca\/#website","url":"https:\/\/www.riomare.ca\/","name":"Rio Mare Canada","description":"Rio Mare","publisher":{"@id":"https:\/\/www.riomare.ca\/#organization"},"potentialAction":[{"@type":"SearchAction","target":{"@type":"EntryPoint","urlTemplate":"https:\/\/www.riomare.ca\/?s={search_term_string}"},"query-input":"required name=search_term_string"}],"inLanguage":"fr-FR"},{"@type":"Organization","@id":"https:\/\/www.riomare.ca\/#organization","name":"Rio Mare","url":"https:\/\/www.riomare.ca\/","logo":{"@type":"ImageObject","inLanguage":"fr-FR","@id":"https:\/\/www.riomare.ca\/#\/schema\/logo\/image\/","url":"https:\/\/www.riomare.ca\/wp-content\/uploads\/2018\/06\/riomare.png","contentUrl":"https:\/\/www.riomare.ca\/wp-content\/uploads\/2018\/06\/riomare.png","width":185,"height":106,"caption":"Rio Mare"},"image":{"@id":"https:\/\/www.riomare.ca\/#\/schema\/logo\/image\/"}}]}},"_links":{"self":[{"href":"https:\/\/www.riomare.ca\/fr\/wp-json\/wp\/v2\/pages\/2598"}],"collection":[{"href":"https:\/\/www.riomare.ca\/fr\/wp-json\/wp\/v2\/pages"}],"about":[{"href":"https:\/\/www.riomare.ca\/fr\/wp-json\/wp\/v2\/types\/page"}],"author":[{"embeddable":true,"href":"https:\/\/www.riomare.ca\/fr\/wp-json\/wp\/v2\/users\/2"}],"replies":[{"embeddable":true,"href":"https:\/\/www.riomare.ca\/fr\/wp-json\/wp\/v2\/comments?post=2598"}],"version-history":[{"count":14,"href":"https:\/\/www.riomare.ca\/fr\/wp-json\/wp\/v2\/pages\/2598\/revisions"}],"predecessor-version":[{"id":5014,"href":"https:\/\/www.riomare.ca\/fr\/wp-json\/wp\/v2\/pages\/2598\/revisions\/5014"}],"wp:attachment":[{"href":"https:\/\/www.riomare.ca\/fr\/wp-json\/wp\/v2\/media?parent=2598"}],"curies":[{"name":"wp","href":"https:\/\/api.w.org\/{rel}","templated":true}]}}