{"id":2620,"date":"2018-03-21T10:04:06","date_gmt":"2018-03-21T10:04:06","guid":{"rendered":"http:\/\/www.riomare.ca\/salute-e-benessere\/"},"modified":"2023-01-24T16:24:58","modified_gmt":"2023-01-24T16:24:58","slug":"sante-et-bien-etre","status":"publish","type":"page","link":"https:\/\/www.riomare.ca\/fr\/sante-et-bien-etre\/","title":{"rendered":"Sant\u00e9 et Bien-\u00eatre"},"content":{"rendered":"\n  <div class=\"banner has-hover\" id=\"banner-311074066\">\n          <div class=\"banner-inner fill\">\n        <div class=\"banner-bg fill\" >\n            <div class=\"bg fill bg-fill \"><\/div>\n                                    \n                    <\/div>\n        <div class=\"banner-layers container\">\n            <div class=\"fill banner-link\"><\/div>            \n   <div id=\"text-box-877169399\" class=\"text-box banner-layer x50 md-x0 lg-x0 y90 md-y95 lg-y95 res-text\">\n                                <div class=\"text-box-content text \">\n              \n              <div class=\"text-inner text-left\">\n                  \n<h3 class=\"plutobold blue\" style=\"font-size: 30px; line-height: 34px;\">Manger du poisson pour \u00eatre en sant\u00e9<\/h3>\n<p style=\"margin-bottom: 10px !important; font-size: 18px; line-height: 22px;\">Le poisson Rio Mare apporte la plupart des nutriments du poisson frais et fournit des prot\u00e9ines nobles, des sels min\u00e9raux, des vitamines ainsi que des acides gras om\u00e9ga-3.<\/p>\n<p class=\"blue\" style=\"font-size: 18px; line-height: 22px; color: #008fcc;\">D\u00e9couvrez toutes les curiosit\u00e9s et les propri\u00e9t\u00e9s nutritionnelles du poisson Rio Mare.<\/p>\n              <\/div>\n           <\/div>\n                            \n<style>\n#text-box-877169399 .text-box-content {\n  background-color: rgb(255, 255, 255);\n  font-size: 86%;\n}\n#text-box-877169399 .text-inner {\n  padding: 40px 30px 40px 30px;\n}\n#text-box-877169399 {\n  width: 90%;\n}\n@media (min-width:550px) {\n  #text-box-877169399 {\n    width: 67%;\n  }\n}\n@media (min-width:850px) {\n  #text-box-877169399 {\n    width: 35%;\n  }\n}\n<\/style>\n    <\/div>\n \n        <\/div>\n      <\/div>\n\n            \n<style>\n#banner-311074066 {\n  padding-top: 700px;\n}\n#banner-311074066 .bg.bg-loaded {\n  background-image: url(https:\/\/www.riomare.ca\/wp-content\/uploads\/2018\/04\/header-pagina-nutrizione-1-1024x427.jpg);\n}\n<\/style>\n  <\/div>\n\n\n\t<section class=\"section hoverposts dark\" id=\"section_1893884774\">\n\t\t<div class=\"bg section-bg fill bg-fill  bg-loaded\" >\n\n\t\t\t\n\t\t\t\n\t\t\t\n\n\t\t<\/div>\n\n\t\t<div class=\"section-content relative\">\n\t\t\t\n<div class=\"row align-equal rowlarge\"  id=\"row-1425250944\">\n\n\t<div id=\"col-1077431193\" class=\"col linkpescenelladieta medium-6 small-12 large-3\"  >\n\t\t<div class=\"col-inner\"  >\n\t\t\t\n\t\t\t\n<h3 class=\"plutobold\" style=\"padding: 0px 10px; font-size: 24px; line-height: 26px;\">&nbsp;<br \/>Le poisson dans <br \/>le r\u00e9gime m\u00e9diterran\u00e9en<br \/>\n<\/h3>\n\t<div class=\"img has-hover x md-x lg-x y md-y lg-y\" id=\"image_1288737596\">\n\t\t<a class=\"\" href=\"\/fr\/poisson-dans-la-nutrition-mediterraneen\/\"  >\t\t\t\t\t\t<div class=\"img-inner dark\" >\n\t\t\t<img width=\"350\" height=\"200\" src=\"https:\/\/www.riomare.ca\/wp-content\/uploads\/2018\/04\/shutterstock_415721434.png\" class=\"attachment-large size-large\" alt=\"\" decoding=\"async\" loading=\"lazy\" srcset=\"https:\/\/www.riomare.ca\/wp-content\/uploads\/2018\/04\/shutterstock_415721434.png 350w, https:\/\/www.riomare.ca\/wp-content\/uploads\/2018\/04\/shutterstock_415721434-300x171.png 300w\" sizes=\"(max-width: 350px) 100vw, 350px\" \/>\t\t\t\t\t\t\n\t\t\t\t\t<\/div>\n\t\t\t\t\t\t<\/a>\t\t\n<style>\n#image_1288737596 {\n  width: 100%;\n}\n<\/style>\n\t<\/div>\n\t\n<p style=\"font-size: 16px; line-height: 20px; padding: 0px 10px !important;\">Des aliments sant\u00e9 alli\u00e9s \u00e0 un mode de vie actif jouent un r\u00f4le fondamental dans la pr\u00e9vention de plusieurs pathologies dites \u00ab maladies du bien-\u00eatre \u00bb.<br \/>&nbsp;\n<\/p>\n<p class=\"plutobold uppercase\" style=\"margin-top: 30px !important; font-size: 18px; padding: 0px 10px !important;\"><a href=\"\/fr\/poisson-dans-la-nutrition-mediterraneen\/\">En savoir plus<\/a><\/p>\n\t\t<\/div>\n\t\t\n<style>\n#col-1077431193 > .col-inner {\n  padding: 100px 10px 30px 10px;\n}\n<\/style>\n\t<\/div>\n\n\t\n\n\t<div id=\"col-876568716\" class=\"col linkprezioserisorse medium-6 small-12 large-3\"  >\n\t\t<div class=\"col-inner\"  >\n\t\t\t\n\t\t\t\n<h3 class=\"plutobold\" style=\"padding: 0px 10px; font-size: 24px; line-height: 26px;\">&nbsp;<br \/>&nbsp;<br \/>Des ressources pr\u00e9cieuses <br \/>\n<\/h3>\n\t<div class=\"img has-hover x md-x lg-x y md-y lg-y\" id=\"image_627774267\">\n\t\t<a class=\"\" href=\"\/fr\/des-ressources-precieuses\/\"  >\t\t\t\t\t\t<div class=\"img-inner dark\" >\n\t\t\t<img width=\"350\" height=\"200\" src=\"https:\/\/www.riomare.ca\/wp-content\/uploads\/2018\/04\/TO-O-008_L_crostone-andrea.png\" class=\"attachment-large size-large\" alt=\"\" decoding=\"async\" loading=\"lazy\" srcset=\"https:\/\/www.riomare.ca\/wp-content\/uploads\/2018\/04\/TO-O-008_L_crostone-andrea.png 350w, https:\/\/www.riomare.ca\/wp-content\/uploads\/2018\/04\/TO-O-008_L_crostone-andrea-300x171.png 300w\" sizes=\"(max-width: 350px) 100vw, 350px\" \/>\t\t\t\t\t\t\n\t\t\t\t\t<\/div>\n\t\t\t\t\t\t<\/a>\t\t\n<style>\n#image_627774267 {\n  width: 100%;\n}\n<\/style>\n\t<\/div>\n\t\n<p style=\"font-size: 16px; line-height: 20px; padding: 0px 10px !important;\">Gr\u00e2ce \u00e0 son apport consid\u00e9rable en prot\u00e9ines, une portion de 100 g de thon \u00e9goutt\u00e9 fournit \u00e0 un adulte pr\u00e8s d\u2019un dixi\u00e8me de ses besoins \u00e9nerg\u00e9tiques journaliers.<br \/>&nbsp;\n<\/p>\n<p class=\"plutobold uppercase\" style=\"margin-top: 30px !important; font-size: 18px; padding: 0px 10px !important;\"><a href=\"\/fr\/des-ressources-precieuses\/\">En savoir plus<\/a><\/p>\n\t\t<\/div>\n\t\t\n<style>\n#col-876568716 > .col-inner {\n  padding: 100px 10px 30px 10px;\n}\n<\/style>\n\t<\/div>\n\n\t\n\n\t<div id=\"col-1281216396\" class=\"col linkcrescerecongusto medium-6 small-12 large-3\"  >\n\t\t<div class=\"col-inner\"  >\n\t\t\t\n\t\t\t\n<p>&nbsp;<\/p>\n<p>&nbsp;<\/p>\n<h3 class=\"plutobold\" style=\"padding: 0px 10px; font-size: 24px; line-height: 26px;\">Grandir en se r\u00e9galant!<\/h3>\n\t<div class=\"img has-hover x md-x lg-x y md-y lg-y\" id=\"image_70564614\">\n\t\t<a class=\"\" href=\"\/fr\/rio-mare-pour-des-enfants-plus-sains-et-plus-fort\/\"  >\t\t\t\t\t\t<div class=\"img-inner dark\" >\n\t\t\t<img width=\"350\" height=\"200\" src=\"https:\/\/www.riomare.ca\/wp-content\/uploads\/2018\/04\/shutterstock_727282390.png\" class=\"attachment-large size-large\" alt=\"\" decoding=\"async\" loading=\"lazy\" srcset=\"https:\/\/www.riomare.ca\/wp-content\/uploads\/2018\/04\/shutterstock_727282390.png 350w, https:\/\/www.riomare.ca\/wp-content\/uploads\/2018\/04\/shutterstock_727282390-300x171.png 300w\" sizes=\"(max-width: 350px) 100vw, 350px\" \/>\t\t\t\t\t\t\n\t\t\t\t\t<\/div>\n\t\t\t\t\t\t<\/a>\t\t\n<style>\n#image_70564614 {\n  width: 100%;\n}\n<\/style>\n\t<\/div>\n\t\n<p style=\"font-size: 16px; line-height: 20px; padding: 0px 10px !important;\">Le thon Rio Mare est une fa\u00e7on sant\u00e9 et commode de familiariser les enfants avec le poisson car eux aussi l&rsquo;adorent! Savez-vous pourquoi? Parce qu\u2019il est savoureux, sans odeur ni ar\u00eates!<\/p>\n<p class=\"plutobold uppercase\" style=\"margin-top: 30px !important; font-size: 18px; padding: 0px 10px !important;\"><a href=\"\/fr\/rio-mare-pour-des-enfants-plus-sains-et-plus-fort\/\">En savoir plus<\/a><\/p>\n\t\t<\/div>\n\t\t\n<style>\n#col-1281216396 > .col-inner {\n  padding: 100px 10px 30px 10px;\n}\n<\/style>\n\t<\/div>\n\n\t\n\n\t<div id=\"col-1103852068\" class=\"col linkbenesserepochecalorie medium-6 small-12 large-3\"  >\n\t\t<div class=\"col-inner\"  >\n\t\t\t\n\t\t\t\n<p>&nbsp;<\/p>\n<h3 class=\"plutobold\" style=\"padding: 0px 10px; font-size: 24px; line-height: 26px;\">&nbsp;<br \/>&nbsp;<br \/>Bien-\u00eatre et l\u00e9g\u00e8ret\u00e9<br \/>\n<\/h3>\n\t<div class=\"img has-hover x md-x lg-x y md-y lg-y\" id=\"image_10940585\">\n\t\t<a class=\"\" href=\"\/fr\/comparaison-des-valeurs-nutritionnelles\/\"  >\t\t\t\t\t\t<div class=\"img-inner dark\" >\n\t\t\t<img width=\"350\" height=\"200\" src=\"https:\/\/www.riomare.ca\/wp-content\/uploads\/2018\/04\/Livello-116.jpg\" class=\"attachment-large size-large\" alt=\"\" decoding=\"async\" loading=\"lazy\" srcset=\"https:\/\/www.riomare.ca\/wp-content\/uploads\/2018\/04\/Livello-116.jpg 350w, https:\/\/www.riomare.ca\/wp-content\/uploads\/2018\/04\/Livello-116-300x171.jpg 300w\" sizes=\"(max-width: 350px) 100vw, 350px\" \/>\t\t\t\t\t\t\n\t\t\t\t\t<\/div>\n\t\t\t\t\t\t<\/a>\t\t\n<style>\n#image_10940585 {\n  width: 100%;\n}\n<\/style>\n\t<\/div>\n\t\n<p style=\"font-size: 16px; line-height: 20px; padding: 0px 10px !important;\">Les produits Rio Mare sont plus l\u00e9gers et plus riches en nutriments que plusieurs aliments qui figurent souvent dans nos assiettes : nous les avons compar\u00e9s pour vous fournir de savoureuses alternatives..<\/p>\n<p class=\"plutobold uppercase\" style=\"margin-top: 30px !important; font-size: 18px; padding: 0px 10px !important;\"><a href=\"\/fr\/comparaison-des-valeurs-nutritionnelles\/\">En savoir plus<\/a><\/p>\n\t\t<\/div>\n\t\t\n<style>\n#col-1103852068 > .col-inner {\n  padding: 100px 10px 30px 10px;\n}\n<\/style>\n\t<\/div>\n\n\t\n<\/div>\n\t\t<\/div>\n\n\t\t\n<style>\n#section_1893884774 {\n  padding-top: 70px;\n  padding-bottom: 70px;\n  background-color: rgb(81, 159, 201);\n}\n<\/style>\n\t<\/section>\n\t\n\t<section class=\"section sliderhomepage sliderproducts\" id=\"section_4642522\">\n\t\t<div class=\"bg section-bg fill bg-fill  bg-loaded\" >\n\n\t\t\t\n\t\t\t\n\t\t\t\n\n\t\t<\/div>\n\n\t\t<div class=\"section-content relative\">\n\t\t\t\n<div class=\"slider-wrapper relative\" id=\"slider-177458748\" >\n    <div class=\"slider slider-nav-simple slider-nav-large slider-nav-light slider-style-normal slider-show-nav\"\n        data-flickity-options='{\n            \"cellAlign\": \"center\",\n            \"imagesLoaded\": true,\n            \"lazyLoad\": 1,\n            \"freeScroll\": false,\n            \"wrapAround\": true,\n            \"autoPlay\": 6000,\n            \"pauseAutoPlayOnHover\" : true,\n            \"prevNextButtons\": true,\n            \"contain\" : true,\n            \"adaptiveHeight\" : true,\n            \"dragThreshold\" : 10,\n            \"percentPosition\": true,\n            \"pageDots\": false,\n            \"rightToLeft\": false,\n            \"draggable\": true,\n            \"selectedAttraction\": 0.1,\n            \"parallax\" : 0,\n            \"friction\": 0.6        }'\n        >\n        \n\n  <div class=\"banner has-hover\" id=\"banner-789236476\">\n          <div class=\"banner-inner fill\">\n        <div class=\"banner-bg fill\" >\n            <div class=\"bg fill bg-fill \"><\/div>\n                                    \n                    <\/div>\n        <div class=\"banner-layers container\">\n            <div class=\"fill banner-link\"><\/div>            \n   <div id=\"text-box-932954109\" class=\"text-box banner-layer x50 md-x0 lg-x0 y90 md-y90 lg-y90 res-text\">\n                                <div class=\"text-box-content text \">\n              \n              <div class=\"text-inner text-center\">\n                  \n<div class=\"bannerbox\" style=\"text-align: left;\">\n<h1 class=\"uppercase plutobold\" style=\"font-size: 30px; line-height: 34px; letter-spacing: -2px;\"><strong>THON<\/strong><\/h1>\n<p class=\"plutoregular bannersubtitle\" style=\"padding-top: 20px!important; padding-bottom: 30px!important;\">Go\u00fbt unique, qualit\u00e9 et praticit\u00e9 en un seul produit. Le thon en conserve Rio Mare est une pr\u00e9cieuse source de prot\u00e9ines, de vitamines et de min\u00e9raux.\n<\/p>\n<\/div>\n<a href=\"https:\/\/www.riomare.ca\/fr\/produits\/thon\/\" target=\"_self\" class=\"button primary bannerbutton bannerbuttoncolor2\"  >\n    <span>En savoir plus<\/span>\n  <\/a>\n\n              <\/div>\n           <\/div>\n                            \n<style>\n#text-box-932954109 .text-box-content {\n  background-color: rgb(255, 255, 255);\n  font-size: 100%;\n}\n#text-box-932954109 .text-inner {\n  padding: 50px 50px 0px 50px;\n}\n#text-box-932954109 {\n  width: 90%;\n}\n@media (min-width:550px) {\n  #text-box-932954109 {\n    width: 80%;\n  }\n}\n@media (min-width:850px) {\n  #text-box-932954109 {\n    width: 30%;\n  }\n}\n<\/style>\n    <\/div>\n \n        <\/div>\n      <\/div>\n\n            \n<style>\n#banner-789236476 {\n  padding-top: 700px;\n}\n#banner-789236476 .bg.bg-loaded {\n  background-image: url(https:\/\/www.riomare.ca\/wp-content\/uploads\/2018\/06\/header-pagina-tonno-1024x427.png);\n}\n#banner-789236476 .bg {\n  background-position: center;\n}\n<\/style>\n  <\/div>\n\n\n\n     <\/div>\n\n     <div class=\"loading-spin dark large centered\"><\/div>\n\n          <style>\n            #slider-177458748 .flickity-slider > *{ max-width: 100%!important;\n     <\/style>\n     \t<\/div>\n\n\n\t\t<\/div>\n\n\t\t\n<style>\n#section_4642522 {\n  padding-top: 0px;\n  padding-bottom: 0px;\n}\n<\/style>\n\t<\/section>\n\t\n","protected":false},"excerpt":{"rendered":"","protected":false},"author":2,"featured_media":0,"parent":0,"menu_order":0,"comment_status":"closed","ping_status":"closed","template":"page-blank.php","meta":[],"acf":[],"yoast_head":"<!-- This site is optimized with the Yoast SEO plugin v19.13 - https:\/\/yoast.com\/wordpress\/plugins\/seo\/ -->\n<title>Sant\u00e9 et Bien-\u00eatre - Rio Mare Canada<\/title>\n<meta name=\"description\" content=\"Il pesce Rio Mare apporta la maggior parte dei nutrienti del pesce fresco e fornisce proteine nobili, sali minerali, vitamine e acidi grassi Omega-3. Scopri tutte le curiosit\u00e0 e le propriet\u00e0 nutrizionali del pesce Rio Mare.\" \/>\n<meta name=\"robots\" content=\"index, follow, max-snippet:-1, max-image-preview:large, max-video-preview:-1\" \/>\n<link rel=\"canonical\" href=\"https:\/\/www.riomare.ca\/fr\/sante-et-bien-etre\/\" \/>\n<meta property=\"og:locale\" content=\"fr_FR\" \/>\n<meta property=\"og:type\" content=\"article\" \/>\n<meta property=\"og:title\" content=\"Sant\u00e9 et Bien-\u00eatre - Rio Mare Canada\" \/>\n<meta property=\"og:description\" content=\"Il pesce Rio Mare apporta la maggior parte dei nutrienti del pesce fresco e fornisce proteine nobili, sali minerali, vitamine e acidi grassi Omega-3. Scopri tutte le curiosit\u00e0 e le propriet\u00e0 nutrizionali del pesce Rio Mare.\" \/>\n<meta property=\"og:url\" content=\"https:\/\/www.riomare.ca\/fr\/sante-et-bien-etre\/\" \/>\n<meta property=\"og:site_name\" content=\"Rio Mare Canada\" \/>\n<meta property=\"article:modified_time\" content=\"2023-01-24T16:24:58+00:00\" \/>\n<meta name=\"twitter:card\" content=\"summary_large_image\" \/>\n<meta name=\"twitter:label1\" content=\"Dur\u00e9e de lecture estim\u00e9e\" \/>\n\t<meta name=\"twitter:data1\" content=\"3 minutes\" \/>\n<script type=\"application\/ld+json\" class=\"yoast-schema-graph\">{\"@context\":\"https:\/\/schema.org\",\"@graph\":[{\"@type\":\"WebPage\",\"@id\":\"https:\/\/www.riomare.ca\/fr\/sante-et-bien-etre\/\",\"url\":\"https:\/\/www.riomare.ca\/fr\/sante-et-bien-etre\/\",\"name\":\"Sant\u00e9 et Bien-\u00eatre - Rio Mare Canada\",\"isPartOf\":{\"@id\":\"https:\/\/www.riomare.ca\/#website\"},\"datePublished\":\"2018-03-21T10:04:06+00:00\",\"dateModified\":\"2023-01-24T16:24:58+00:00\",\"description\":\"Il pesce Rio Mare apporta la maggior parte dei nutrienti del pesce fresco e fornisce proteine nobili, sali minerali, vitamine e acidi grassi Omega-3. Scopri tutte le curiosit\u00e0 e le propriet\u00e0 nutrizionali del pesce Rio Mare.\",\"breadcrumb\":{\"@id\":\"https:\/\/www.riomare.ca\/fr\/sante-et-bien-etre\/#breadcrumb\"},\"inLanguage\":\"fr-FR\",\"potentialAction\":[{\"@type\":\"ReadAction\",\"target\":[\"https:\/\/www.riomare.ca\/fr\/sante-et-bien-etre\/\"]}]},{\"@type\":\"BreadcrumbList\",\"@id\":\"https:\/\/www.riomare.ca\/fr\/sante-et-bien-etre\/#breadcrumb\",\"itemListElement\":[{\"@type\":\"ListItem\",\"position\":1,\"name\":\"Home\",\"item\":\"https:\/\/www.riomare.ca\/fr\/\"},{\"@type\":\"ListItem\",\"position\":2,\"name\":\"Sant\u00e9 et Bien-\u00eatre\"}]},{\"@type\":\"WebSite\",\"@id\":\"https:\/\/www.riomare.ca\/#website\",\"url\":\"https:\/\/www.riomare.ca\/\",\"name\":\"Rio Mare Canada\",\"description\":\"Rio Mare\",\"publisher\":{\"@id\":\"https:\/\/www.riomare.ca\/#organization\"},\"potentialAction\":[{\"@type\":\"SearchAction\",\"target\":{\"@type\":\"EntryPoint\",\"urlTemplate\":\"https:\/\/www.riomare.ca\/?s={search_term_string}\"},\"query-input\":\"required name=search_term_string\"}],\"inLanguage\":\"fr-FR\"},{\"@type\":\"Organization\",\"@id\":\"https:\/\/www.riomare.ca\/#organization\",\"name\":\"Rio Mare\",\"url\":\"https:\/\/www.riomare.ca\/\",\"logo\":{\"@type\":\"ImageObject\",\"inLanguage\":\"fr-FR\",\"@id\":\"https:\/\/www.riomare.ca\/#\/schema\/logo\/image\/\",\"url\":\"https:\/\/www.riomare.ca\/wp-content\/uploads\/2018\/06\/riomare.png\",\"contentUrl\":\"https:\/\/www.riomare.ca\/wp-content\/uploads\/2018\/06\/riomare.png\",\"width\":185,\"height\":106,\"caption\":\"Rio Mare\"},\"image\":{\"@id\":\"https:\/\/www.riomare.ca\/#\/schema\/logo\/image\/\"}}]}<\/script>\n<!-- \/ Yoast SEO plugin. -->","yoast_head_json":{"title":"Sant\u00e9 et Bien-\u00eatre - Rio Mare Canada","description":"Il pesce Rio Mare apporta la maggior parte dei nutrienti del pesce fresco e fornisce proteine nobili, sali minerali, vitamine e acidi grassi Omega-3. Scopri tutte le curiosit\u00e0 e le propriet\u00e0 nutrizionali del pesce Rio Mare.","robots":{"index":"index","follow":"follow","max-snippet":"max-snippet:-1","max-image-preview":"max-image-preview:large","max-video-preview":"max-video-preview:-1"},"canonical":"https:\/\/www.riomare.ca\/fr\/sante-et-bien-etre\/","og_locale":"fr_FR","og_type":"article","og_title":"Sant\u00e9 et Bien-\u00eatre - Rio Mare Canada","og_description":"Il pesce Rio Mare apporta la maggior parte dei nutrienti del pesce fresco e fornisce proteine nobili, sali minerali, vitamine e acidi grassi Omega-3. Scopri tutte le curiosit\u00e0 e le propriet\u00e0 nutrizionali del pesce Rio Mare.","og_url":"https:\/\/www.riomare.ca\/fr\/sante-et-bien-etre\/","og_site_name":"Rio Mare Canada","article_modified_time":"2023-01-24T16:24:58+00:00","twitter_card":"summary_large_image","twitter_misc":{"Dur\u00e9e de lecture estim\u00e9e":"3 minutes"},"schema":{"@context":"https:\/\/schema.org","@graph":[{"@type":"WebPage","@id":"https:\/\/www.riomare.ca\/fr\/sante-et-bien-etre\/","url":"https:\/\/www.riomare.ca\/fr\/sante-et-bien-etre\/","name":"Sant\u00e9 et Bien-\u00eatre - Rio Mare Canada","isPartOf":{"@id":"https:\/\/www.riomare.ca\/#website"},"datePublished":"2018-03-21T10:04:06+00:00","dateModified":"2023-01-24T16:24:58+00:00","description":"Il pesce Rio Mare apporta la maggior parte dei nutrienti del pesce fresco e fornisce proteine nobili, sali minerali, vitamine e acidi grassi Omega-3. Scopri tutte le curiosit\u00e0 e le propriet\u00e0 nutrizionali del pesce Rio Mare.","breadcrumb":{"@id":"https:\/\/www.riomare.ca\/fr\/sante-et-bien-etre\/#breadcrumb"},"inLanguage":"fr-FR","potentialAction":[{"@type":"ReadAction","target":["https:\/\/www.riomare.ca\/fr\/sante-et-bien-etre\/"]}]},{"@type":"BreadcrumbList","@id":"https:\/\/www.riomare.ca\/fr\/sante-et-bien-etre\/#breadcrumb","itemListElement":[{"@type":"ListItem","position":1,"name":"Home","item":"https:\/\/www.riomare.ca\/fr\/"},{"@type":"ListItem","position":2,"name":"Sant\u00e9 et Bien-\u00eatre"}]},{"@type":"WebSite","@id":"https:\/\/www.riomare.ca\/#website","url":"https:\/\/www.riomare.ca\/","name":"Rio Mare Canada","description":"Rio Mare","publisher":{"@id":"https:\/\/www.riomare.ca\/#organization"},"potentialAction":[{"@type":"SearchAction","target":{"@type":"EntryPoint","urlTemplate":"https:\/\/www.riomare.ca\/?s={search_term_string}"},"query-input":"required name=search_term_string"}],"inLanguage":"fr-FR"},{"@type":"Organization","@id":"https:\/\/www.riomare.ca\/#organization","name":"Rio Mare","url":"https:\/\/www.riomare.ca\/","logo":{"@type":"ImageObject","inLanguage":"fr-FR","@id":"https:\/\/www.riomare.ca\/#\/schema\/logo\/image\/","url":"https:\/\/www.riomare.ca\/wp-content\/uploads\/2018\/06\/riomare.png","contentUrl":"https:\/\/www.riomare.ca\/wp-content\/uploads\/2018\/06\/riomare.png","width":185,"height":106,"caption":"Rio Mare"},"image":{"@id":"https:\/\/www.riomare.ca\/#\/schema\/logo\/image\/"}}]}},"_links":{"self":[{"href":"https:\/\/www.riomare.ca\/fr\/wp-json\/wp\/v2\/pages\/2620"}],"collection":[{"href":"https:\/\/www.riomare.ca\/fr\/wp-json\/wp\/v2\/pages"}],"about":[{"href":"https:\/\/www.riomare.ca\/fr\/wp-json\/wp\/v2\/types\/page"}],"author":[{"embeddable":true,"href":"https:\/\/www.riomare.ca\/fr\/wp-json\/wp\/v2\/users\/2"}],"replies":[{"embeddable":true,"href":"https:\/\/www.riomare.ca\/fr\/wp-json\/wp\/v2\/comments?post=2620"}],"version-history":[{"count":20,"href":"https:\/\/www.riomare.ca\/fr\/wp-json\/wp\/v2\/pages\/2620\/revisions"}],"predecessor-version":[{"id":5012,"href":"https:\/\/www.riomare.ca\/fr\/wp-json\/wp\/v2\/pages\/2620\/revisions\/5012"}],"wp:attachment":[{"href":"https:\/\/www.riomare.ca\/fr\/wp-json\/wp\/v2\/media?parent=2620"}],"curies":[{"name":"wp","href":"https:\/\/api.w.org\/{rel}","templated":true}]}}