{"id":2622,"date":"2018-04-05T08:00:57","date_gmt":"2018-04-05T08:00:57","guid":{"rendered":"http:\/\/www.riomare.ca\/tracciabilita\/"},"modified":"2018-06-05T13:03:23","modified_gmt":"2018-06-05T13:03:23","slug":"tracciabilita","status":"publish","type":"page","link":"https:\/\/www.riomare.ca\/fr\/tracciabilita\/","title":{"rendered":"Tracciabilit\u00e0"},"content":{"rendered":"\n  <div class=\"banner has-hover\" id=\"banner-1232578948\">\n          <div class=\"banner-inner fill\">\n        <div class=\"banner-bg fill\" >\n            <div class=\"bg fill bg-fill \"><\/div>\n                                    \n                    <\/div>\n        <div class=\"banner-layers container\">\n            <div class=\"fill banner-link\"><\/div>            \n   <div id=\"text-box-1000062414\" class=\"text-box banner-layer x50 md-x50 lg-x50 y50 md-y50 lg-y50 res-text\">\n                                <div class=\"text-box-content text dark\">\n              \n              <div class=\"text-inner text-center\">\n                  \n<h1 class=\"plutobold uppercase\">TRACCIABILIT\u00e0<\/h1>\n              <\/div>\n           <\/div>\n                            \n<style>\n#text-box-1000062414 {\n  width: 60%;\n}\n#text-box-1000062414 .text-box-content {\n  font-size: 100%;\n}\n<\/style>\n    <\/div>\n \n        <\/div>\n      <\/div>\n\n            \n<style>\n#banner-1232578948 {\n  padding-top: 700px;\n}\n#banner-1232578948 .bg.bg-loaded {\n  background-image: url(https:\/\/www.riomare.ca\/wp-content\/uploads\/2018\/04\/bannertracciabilita-1024x374.png);\n}\n<\/style>\n  <\/div>\n\n\n\t<section class=\"section tracciabilita\" id=\"section_150559387\">\n\t\t<div class=\"bg section-bg fill bg-fill  bg-loaded\" >\n\n\t\t\t\n\t\t\t\n\t\t\t\n\n\t\t<\/div>\n\n\t\t<div class=\"section-content relative\">\n\t\t\t\n<div class=\"row row-collapse align-equal\"  id=\"row-1182363729\">\n\n\t<div id=\"col-806190873\" class=\"col hide-for-medium medium-4 small-12 large-4\"  >\n\t\t<div class=\"col-inner\"  >\n\t\t\t\n\t\t\t\n\t\t<\/div>\n\t\t\n<style>\n#col-806190873 > .col-inner {\n  padding: 0px 30px 0px 0px;\n}\n<\/style>\n\t<\/div>\n\n\t\n\n\t<div id=\"col-1477030081\" class=\"col productboxhammad medium-6 small-12 large-4\"  >\n\t\t<div class=\"col-inner text-center\"  >\n\t\t\t\n\t\t\t\n\t<div class=\"box has-hover   has-hover box-text-bottom\" >\n\n\t\t<div class=\"box-image\" >\n\t\t\t\t\t\t<div class=\"\" >\n\t\t\t\t<img width=\"494\" height=\"217\" src=\"https:\/\/www.riomare.ca\/wp-content\/uploads\/2018\/04\/Img-scoprilatracciabilit\u00e0.jpg\" class=\"attachment- size-\" alt=\"\" decoding=\"async\" loading=\"lazy\" srcset=\"https:\/\/www.riomare.ca\/wp-content\/uploads\/2018\/04\/Img-scoprilatracciabilit\u00e0.jpg 494w, https:\/\/www.riomare.ca\/wp-content\/uploads\/2018\/04\/Img-scoprilatracciabilit\u00e0-300x132.jpg 300w\" sizes=\"(max-width: 494px) 100vw, 494px\" \/>\t\t\t\t\t\t\t\t\t\t\t<\/div>\n\t\t\t\t\t<\/div>\n\n\t\t<div class=\"box-text text-center\" style=\"background-color:rgb(255, 255, 255);\">\n\t\t\t<div class=\"box-text-inner\">\n\t\t\t\t\n<h4 class=\"uppercase plutobold titleprodotto\" style=\"font-size: 20px; line-height: 24px; text-align: left;\">SCOPRI DA DOVE VIENE<br \/>\nIL TUO TONNO<\/h4>\n<h3 style=\"text-align: left; color: #3488d4;\">Il nostro impegno: la tracciabilit\u00e0<br \/>\ndei prodotti<\/h3>\n<p>&nbsp;<\/p>\n<p style=\"font-size: 14px; line-height: 18px; text-align: left;\">Ti sei mai chiesto da dove arriva il tonno che metti sulla tua tavola? Con Rio Mare \u00e8 tutto chiaro, perch\u00e9 puoi conoscere tutta la sua storia: la specie, l\u2019area di pesca, il metodo di pesca utilizzato e il nome della nave che l\u2019ha pescato. Cos\u00ec il prodotto che arriva sulla tua tavola ha sempre un nome , un cognome e un indirizzo!<\/p>\n\t\t\t<\/div>\n\t\t<\/div>\n\t<\/div>\n\t\n<a href=\"\/tracciabilita-etichetta-alimentare\/\" target=\"_self\" class=\"button primary\"  >\n    <span>SCOPRI DI PI\u00f9<\/span>\n  <\/a>\n\n\t\t<\/div>\n\t\t\n<style>\n#col-1477030081 > .col-inner {\n  margin: 150px 0px 39px 0px;\n}\n<\/style>\n\t<\/div>\n\n\t\n\n\n<style>\n#row-1182363729 > .col > .col-inner {\n  padding: 0px 15px 0px 15px;\n}\n<\/style>\n<\/div>\n\t\t<\/div>\n\n\t\t\n<style>\n#section_150559387 {\n  padding-top: 70px;\n  padding-bottom: 70px;\n  background-color: rgb(252, 234, 229);\n}\n<\/style>\n\t<\/section>\n\t\n","protected":false},"excerpt":{"rendered":"","protected":false},"author":2,"featured_media":0,"parent":0,"menu_order":0,"comment_status":"closed","ping_status":"closed","template":"page-blank.php","meta":[],"acf":[],"yoast_head":"<!-- This site is optimized with the Yoast SEO plugin v19.13 - https:\/\/yoast.com\/wordpress\/plugins\/seo\/ -->\n<title>Tracciabilit\u00e0<\/title>\n<meta name=\"description\" content=\"Da dove arriva il tonno che metti in tavola? Rio Mare si impegna affinch\u00e9 la tracciabilit\u00e0 del prodotto sia facile e trasparente. Scopri di pi\u00f9!\" \/>\n<meta name=\"robots\" content=\"index, follow, max-snippet:-1, max-image-preview:large, max-video-preview:-1\" \/>\n<link rel=\"canonical\" href=\"https:\/\/www.riomare.ca\/fr\/tracciabilita\/\" \/>\n<meta property=\"og:locale\" content=\"fr_FR\" \/>\n<meta property=\"og:type\" content=\"article\" \/>\n<meta property=\"og:title\" content=\"Tracciabilit\u00e0\" \/>\n<meta property=\"og:description\" content=\"Da dove arriva il tonno che metti in tavola? Rio Mare si impegna affinch\u00e9 la tracciabilit\u00e0 del prodotto sia facile e trasparente. Scopri di pi\u00f9!\" \/>\n<meta property=\"og:url\" content=\"https:\/\/www.riomare.ca\/fr\/tracciabilita\/\" \/>\n<meta property=\"og:site_name\" content=\"Rio Mare Canada\" \/>\n<meta property=\"article:modified_time\" content=\"2018-06-05T13:03:23+00:00\" \/>\n<meta name=\"twitter:card\" content=\"summary_large_image\" \/>\n<meta name=\"twitter:label1\" content=\"Dur\u00e9e de lecture estim\u00e9e\" \/>\n\t<meta name=\"twitter:data1\" content=\"1 minute\" \/>\n<script type=\"application\/ld+json\" class=\"yoast-schema-graph\">{\"@context\":\"https:\/\/schema.org\",\"@graph\":[{\"@type\":\"WebPage\",\"@id\":\"https:\/\/www.riomare.ca\/fr\/tracciabilita\/\",\"url\":\"https:\/\/www.riomare.ca\/fr\/tracciabilita\/\",\"name\":\"Tracciabilit\u00e0\",\"isPartOf\":{\"@id\":\"https:\/\/www.riomare.ca\/#website\"},\"datePublished\":\"2018-04-05T08:00:57+00:00\",\"dateModified\":\"2018-06-05T13:03:23+00:00\",\"description\":\"Da dove arriva il tonno che metti in tavola? Rio Mare si impegna affinch\u00e9 la tracciabilit\u00e0 del prodotto sia facile e trasparente. Scopri di pi\u00f9!\",\"breadcrumb\":{\"@id\":\"https:\/\/www.riomare.ca\/fr\/tracciabilita\/#breadcrumb\"},\"inLanguage\":\"fr-FR\",\"potentialAction\":[{\"@type\":\"ReadAction\",\"target\":[\"https:\/\/www.riomare.ca\/fr\/tracciabilita\/\"]}]},{\"@type\":\"BreadcrumbList\",\"@id\":\"https:\/\/www.riomare.ca\/fr\/tracciabilita\/#breadcrumb\",\"itemListElement\":[{\"@type\":\"ListItem\",\"position\":1,\"name\":\"Home\",\"item\":\"https:\/\/www.riomare.ca\/fr\/\"},{\"@type\":\"ListItem\",\"position\":2,\"name\":\"Tracciabilit\u00e0\"}]},{\"@type\":\"WebSite\",\"@id\":\"https:\/\/www.riomare.ca\/#website\",\"url\":\"https:\/\/www.riomare.ca\/\",\"name\":\"Rio Mare Canada\",\"description\":\"Rio Mare\",\"publisher\":{\"@id\":\"https:\/\/www.riomare.ca\/#organization\"},\"potentialAction\":[{\"@type\":\"SearchAction\",\"target\":{\"@type\":\"EntryPoint\",\"urlTemplate\":\"https:\/\/www.riomare.ca\/?s={search_term_string}\"},\"query-input\":\"required name=search_term_string\"}],\"inLanguage\":\"fr-FR\"},{\"@type\":\"Organization\",\"@id\":\"https:\/\/www.riomare.ca\/#organization\",\"name\":\"Rio Mare\",\"url\":\"https:\/\/www.riomare.ca\/\",\"logo\":{\"@type\":\"ImageObject\",\"inLanguage\":\"fr-FR\",\"@id\":\"https:\/\/www.riomare.ca\/#\/schema\/logo\/image\/\",\"url\":\"https:\/\/www.riomare.ca\/wp-content\/uploads\/2018\/06\/riomare.png\",\"contentUrl\":\"https:\/\/www.riomare.ca\/wp-content\/uploads\/2018\/06\/riomare.png\",\"width\":185,\"height\":106,\"caption\":\"Rio Mare\"},\"image\":{\"@id\":\"https:\/\/www.riomare.ca\/#\/schema\/logo\/image\/\"}}]}<\/script>\n<!-- \/ Yoast SEO plugin. -->","yoast_head_json":{"title":"Tracciabilit\u00e0","description":"Da dove arriva il tonno che metti in tavola? Rio Mare si impegna affinch\u00e9 la tracciabilit\u00e0 del prodotto sia facile e trasparente. Scopri di pi\u00f9!","robots":{"index":"index","follow":"follow","max-snippet":"max-snippet:-1","max-image-preview":"max-image-preview:large","max-video-preview":"max-video-preview:-1"},"canonical":"https:\/\/www.riomare.ca\/fr\/tracciabilita\/","og_locale":"fr_FR","og_type":"article","og_title":"Tracciabilit\u00e0","og_description":"Da dove arriva il tonno che metti in tavola? Rio Mare si impegna affinch\u00e9 la tracciabilit\u00e0 del prodotto sia facile e trasparente. Scopri di pi\u00f9!","og_url":"https:\/\/www.riomare.ca\/fr\/tracciabilita\/","og_site_name":"Rio Mare Canada","article_modified_time":"2018-06-05T13:03:23+00:00","twitter_card":"summary_large_image","twitter_misc":{"Dur\u00e9e de lecture estim\u00e9e":"1 minute"},"schema":{"@context":"https:\/\/schema.org","@graph":[{"@type":"WebPage","@id":"https:\/\/www.riomare.ca\/fr\/tracciabilita\/","url":"https:\/\/www.riomare.ca\/fr\/tracciabilita\/","name":"Tracciabilit\u00e0","isPartOf":{"@id":"https:\/\/www.riomare.ca\/#website"},"datePublished":"2018-04-05T08:00:57+00:00","dateModified":"2018-06-05T13:03:23+00:00","description":"Da dove arriva il tonno che metti in tavola? Rio Mare si impegna affinch\u00e9 la tracciabilit\u00e0 del prodotto sia facile e trasparente. Scopri di pi\u00f9!","breadcrumb":{"@id":"https:\/\/www.riomare.ca\/fr\/tracciabilita\/#breadcrumb"},"inLanguage":"fr-FR","potentialAction":[{"@type":"ReadAction","target":["https:\/\/www.riomare.ca\/fr\/tracciabilita\/"]}]},{"@type":"BreadcrumbList","@id":"https:\/\/www.riomare.ca\/fr\/tracciabilita\/#breadcrumb","itemListElement":[{"@type":"ListItem","position":1,"name":"Home","item":"https:\/\/www.riomare.ca\/fr\/"},{"@type":"ListItem","position":2,"name":"Tracciabilit\u00e0"}]},{"@type":"WebSite","@id":"https:\/\/www.riomare.ca\/#website","url":"https:\/\/www.riomare.ca\/","name":"Rio Mare Canada","description":"Rio Mare","publisher":{"@id":"https:\/\/www.riomare.ca\/#organization"},"potentialAction":[{"@type":"SearchAction","target":{"@type":"EntryPoint","urlTemplate":"https:\/\/www.riomare.ca\/?s={search_term_string}"},"query-input":"required name=search_term_string"}],"inLanguage":"fr-FR"},{"@type":"Organization","@id":"https:\/\/www.riomare.ca\/#organization","name":"Rio Mare","url":"https:\/\/www.riomare.ca\/","logo":{"@type":"ImageObject","inLanguage":"fr-FR","@id":"https:\/\/www.riomare.ca\/#\/schema\/logo\/image\/","url":"https:\/\/www.riomare.ca\/wp-content\/uploads\/2018\/06\/riomare.png","contentUrl":"https:\/\/www.riomare.ca\/wp-content\/uploads\/2018\/06\/riomare.png","width":185,"height":106,"caption":"Rio Mare"},"image":{"@id":"https:\/\/www.riomare.ca\/#\/schema\/logo\/image\/"}}]}},"_links":{"self":[{"href":"https:\/\/www.riomare.ca\/fr\/wp-json\/wp\/v2\/pages\/2622"}],"collection":[{"href":"https:\/\/www.riomare.ca\/fr\/wp-json\/wp\/v2\/pages"}],"about":[{"href":"https:\/\/www.riomare.ca\/fr\/wp-json\/wp\/v2\/types\/page"}],"author":[{"embeddable":true,"href":"https:\/\/www.riomare.ca\/fr\/wp-json\/wp\/v2\/users\/2"}],"replies":[{"embeddable":true,"href":"https:\/\/www.riomare.ca\/fr\/wp-json\/wp\/v2\/comments?post=2622"}],"version-history":[{"count":1,"href":"https:\/\/www.riomare.ca\/fr\/wp-json\/wp\/v2\/pages\/2622\/revisions"}],"predecessor-version":[{"id":2628,"href":"https:\/\/www.riomare.ca\/fr\/wp-json\/wp\/v2\/pages\/2622\/revisions\/2628"}],"wp:attachment":[{"href":"https:\/\/www.riomare.ca\/fr\/wp-json\/wp\/v2\/media?parent=2622"}],"curies":[{"name":"wp","href":"https:\/\/api.w.org\/{rel}","templated":true}]}}