{"id":3770,"date":"2018-06-27T08:54:03","date_gmt":"2018-06-27T08:54:03","guid":{"rendered":"http:\/\/www.riomare.ca\/?page_id=3770"},"modified":"2023-01-24T16:26:38","modified_gmt":"2023-01-24T16:26:38","slug":"rio-mare-pour-des-enfants-plus-sains-et-plus-fort","status":"publish","type":"page","link":"https:\/\/www.riomare.ca\/fr\/rio-mare-pour-des-enfants-plus-sains-et-plus-fort\/","title":{"rendered":"Rio Mare pour des enfants plus sains et plus fort"},"content":{"rendered":"\n  <div class=\"banner has-hover\" id=\"banner-711542205\">\n          <div class=\"banner-inner fill\">\n        <div class=\"banner-bg fill\" >\n            <div class=\"bg fill bg-fill \"><\/div>\n                                    \n                    <\/div>\n        <div class=\"banner-layers container\">\n            <div class=\"fill banner-link\"><\/div>            \n        <\/div>\n      <\/div>\n\n            \n<style>\n#banner-711542205 {\n  padding-top: 700px;\n}\n#banner-711542205 .bg.bg-loaded {\n  background-image: url(https:\/\/www.riomare.ca\/wp-content\/uploads\/2018\/03\/68-1024x473.jpg);\n}\n<\/style>\n  <\/div>\n\n\n\t<section class=\"section\" id=\"section_452694509\">\n\t\t<div class=\"bg section-bg fill bg-fill  bg-loaded\" >\n\n\t\t\t\n\t\t\t\n\t\t\t\n\n\t\t<\/div>\n\n\t\t<div class=\"section-content relative\">\n\t\t\t\n<div class=\"row row-collapse align-middle\"  id=\"row-1733605524\">\n\n\t<div id=\"col-374029550\" class=\"col medium-6 small-12 large-6\"  >\n\t\t<div class=\"col-inner\"  >\n\t\t\t\n\t\t\t\n<h3 class=\"plutobold\" style=\"font-size: 40px; margin-top: 0px !important; line-height: 45px;\">Rio Mare pour des enfants plus sains et plus fort<\/h3>\n<p style=\"color: #008fcc; font-size: 20px; line-height: 25px;\">Le poisson est un aliment essentiel pour tout le monde, surtout pour les enfants !<br \/>\nVoici pourquoi\u2026<\/p>\n<p class=\"plutolight\" style=\"margin-top: 20px !important;\">Le poisson est riche en composants nutritionnels qui sont essentiels pour la croissance et est donc un excellent moyen de stimuler le d\u00e9veloppement du syst\u00e8me immunitaire, entre autres.<\/p>\n<p class=\"plutolight\" style=\"margin-top: 20px !important;\">\nEn outre, les prot\u00e9ines de poisson poss\u00e8dent une valeur biologique \u00e9lev\u00e9e, apportant en abondance vitamines et sels min\u00e9raux, comme le phosphore, le calcium, le fer, le fluorure et l&rsquo;iode.<\/p>\n<p class=\"plutolight\" style=\"margin-top: 20px !important;\">\nPour toutes ces raisons, il est important d&rsquo;apprendre \u00e0 manger du poisson d\u00e8s le plus jeune \u00e2ge !<\/p>\n<p class=\"plutolight\" style=\"margin-top: 20px !important;\">\nLe thon Rio Mare est une fa\u00e7on pratique et saine d&rsquo;introduire le poisson dans les r\u00e9gimes alimentaires des enfants. Qui plus est, ils l&rsquo;adorent parce qu&rsquo;il est savoureux, ne contient aucune ar\u00eate et n&rsquo;a aucune odeur particuli\u00e8re !<\/p>\n\t\t<\/div>\n\t\t\n<style>\n#col-374029550 > .col-inner {\n  padding: 0px 30px 0px 0px;\n}\n<\/style>\n\t<\/div>\n\n\t\n\n\t<div id=\"col-2124677316\" class=\"col medium-6 small-12 large-6\"  >\n\t\t<div class=\"col-inner\"  >\n\t\t\t\n\t\t\t\n\t<div class=\"img has-hover x md-x lg-x y md-y lg-y\" id=\"image_1846002717\">\n\t\t\t\t\t\t\t\t<div class=\"img-inner dark\" >\n\t\t\t<img width=\"600\" height=\"512\" src=\"https:\/\/www.riomare.ca\/wp-content\/uploads\/2018\/03\/69.jpg\" class=\"attachment-original size-original\" alt=\"\" decoding=\"async\" loading=\"lazy\" srcset=\"https:\/\/www.riomare.ca\/wp-content\/uploads\/2018\/03\/69.jpg 600w, https:\/\/www.riomare.ca\/wp-content\/uploads\/2018\/03\/69-300x256.jpg 300w\" sizes=\"(max-width: 600px) 100vw, 600px\" \/>\t\t\t\t\t\t\n\t\t\t\t\t<\/div>\n\t\t\t\t\t\t\t\t\n<style>\n#image_1846002717 {\n  width: 100%;\n}\n<\/style>\n\t<\/div>\n\t\n<h3 class=\"plutobold\" style=\"font-size: 28px; line-height: 30px;\">\n<\/h3>\n<p class=\"plutoregular\" style=\"margin-bottom: 20px !important; max-width: 70%;\">\n\t\t<\/div>\n\t\t\t<\/div>\n\n\t\n\n<style>\n#row-1733605524 > .col > .col-inner {\n  padding: 0px 15px 0px 15px;\n}\n<\/style>\n<\/div>\n\t\t<\/div>\n\n\t\t\n<style>\n#section_452694509 {\n  padding-top: 70px;\n  padding-bottom: 70px;\n  background-color: rgb(255, 255, 255);\n}\n<\/style>\n\t<\/section>\n\t\n\t<section class=\"section dark\" id=\"section_722985424\">\n\t\t<div class=\"bg section-bg fill bg-fill  bg-loaded\" >\n\n\t\t\t\n\t\t\t\n\t\t\t\n\n\t\t<\/div>\n\n\t\t<div class=\"section-content relative\">\n\t\t\t\n<div class=\"row align-equal\"  id=\"row-1992746955\">\n\n\t<div id=\"col-784915660\" class=\"col small-12 large-12\"  >\n\t\t<div class=\"col-inner text-center\"  >\n\t\t\t\n\t\t\t\n<h3 class=\"plutobold uppercase\" style=\"font-size: 28px;\">lire d&rsquo;autres articles<\/h3>\n\t\t<\/div>\n\t\t\t<\/div>\n\n\t\n\n\t<div id=\"col-2082059907\" class=\"col linkpescenelladieta medium-6 small-12 large-3\"  >\n\t\t<div class=\"col-inner\"  >\n\t\t\t\n\t\t\t\n<h3 class=\"plutobold\" style=\"padding: 0px 10px; font-size: 24px; line-height: 26px;\">&nbsp;<br \/>Le poisson dans <br \/>le r\u00e9gime m\u00e9diterran\u00e9en<br \/>\n<\/h3>\n\t<div class=\"img has-hover x md-x lg-x y md-y lg-y\" id=\"image_1672434731\">\n\t\t<a class=\"\" href=\"\/fr\/poisson-dans-la-nutrition-mediterraneen\/\"  >\t\t\t\t\t\t<div class=\"img-inner dark\" >\n\t\t\t<img width=\"350\" height=\"200\" src=\"https:\/\/www.riomare.ca\/wp-content\/uploads\/2018\/04\/shutterstock_415721434.png\" class=\"attachment-large size-large\" alt=\"\" decoding=\"async\" loading=\"lazy\" srcset=\"https:\/\/www.riomare.ca\/wp-content\/uploads\/2018\/04\/shutterstock_415721434.png 350w, https:\/\/www.riomare.ca\/wp-content\/uploads\/2018\/04\/shutterstock_415721434-300x171.png 300w\" sizes=\"(max-width: 350px) 100vw, 350px\" \/>\t\t\t\t\t\t\n\t\t\t\t\t<\/div>\n\t\t\t\t\t\t<\/a>\t\t\n<style>\n#image_1672434731 {\n  width: 100%;\n}\n<\/style>\n\t<\/div>\n\t\n<p style=\"font-size: 16px; line-height: 20px; padding: 0px 10px !important;\">Des aliments sant\u00e9 alli\u00e9s \u00e0 un mode de vie actif jouent un r\u00f4le fondamental dans la pr\u00e9vention de plusieurs pathologies dites \u00ab maladies du bien-\u00eatre \u00bb.<br \/>&nbsp;<br \/>&nbsp;\n<\/p>\n<p class=\"plutobold uppercase\" style=\"margin-top: 30px !important; font-size: 18px; padding: 0px 10px !important;\"><a href=\"\/fr\/poisson-dans-la-nutrition-mediterraneen\/\">En savoir plus<\/a><\/p>\n\t\t<\/div>\n\t\t\t<\/div>\n\n\t\n\n\t<div id=\"col-1024395533\" class=\"col linkprezioserisorse medium-6 small-12 large-3\"  >\n\t\t<div class=\"col-inner\"  >\n\t\t\t\n\t\t\t\n<h3 class=\"plutobold\" style=\"padding: 0px 10px; font-size: 24px; line-height: 26px;\">&nbsp;<br \/>&nbsp;<br \/>Des ressources pr\u00e9cieuses <br \/>\n<\/h3>\n\t<div class=\"img has-hover x md-x lg-x y md-y lg-y\" id=\"image_1173032460\">\n\t\t<a class=\"\" href=\"\/fr\/des-ressources-precieuses\/\"  >\t\t\t\t\t\t<div class=\"img-inner dark\" >\n\t\t\t<img width=\"350\" height=\"200\" src=\"https:\/\/www.riomare.ca\/wp-content\/uploads\/2018\/04\/TO-O-008_L_crostone-andrea.png\" class=\"attachment-large size-large\" alt=\"\" decoding=\"async\" loading=\"lazy\" srcset=\"https:\/\/www.riomare.ca\/wp-content\/uploads\/2018\/04\/TO-O-008_L_crostone-andrea.png 350w, https:\/\/www.riomare.ca\/wp-content\/uploads\/2018\/04\/TO-O-008_L_crostone-andrea-300x171.png 300w\" sizes=\"(max-width: 350px) 100vw, 350px\" \/>\t\t\t\t\t\t\n\t\t\t\t\t<\/div>\n\t\t\t\t\t\t<\/a>\t\t\n<style>\n#image_1173032460 {\n  width: 100%;\n}\n<\/style>\n\t<\/div>\n\t\n<p style=\"font-size: 16px; line-height: 20px; padding: 0px 10px !important;\">Gr\u00e2ce \u00e0 son apport consid\u00e9rable en prot\u00e9ines, une portion de 100 g de thon \u00e9goutt\u00e9 fournit \u00e0 un adulte pr\u00e8s d\u2019un dixi\u00e8me de ses besoins \u00e9nerg\u00e9tiques journaliers.<br \/>&nbsp;<br \/>&nbsp;\n<\/p>\n<p class=\"plutobold uppercase\" style=\"margin-top: 30px !important; font-size: 18px; padding: 0px 10px !important;\"><a href=\"\/fr\/des-ressources-precieuses\/\">En savoir plus<\/a><\/p>\n\t\t<\/div>\n\t\t\t<\/div>\n\n\t\n\n\t<div id=\"col-1323156971\" class=\"col linkcrescerecongusto medium-6 small-12 large-3\"  >\n\t\t<div class=\"col-inner\"  >\n\t\t\t\n\t\t\t\n<p>&nbsp;<\/p>\n<p>&nbsp;<\/p>\n<h3 class=\"plutobold\" style=\"padding: 0px 10px; font-size: 24px; line-height: 26px;\">Grandir en se r\u00e9galant!<\/h3>\n\t<div class=\"img has-hover x md-x lg-x y md-y lg-y\" id=\"image_449196508\">\n\t\t<a class=\"\" href=\"\/fr\/rio-mare-pour-des-enfants-plus-sains-et-plus-fort\/\"  >\t\t\t\t\t\t<div class=\"img-inner dark\" >\n\t\t\t<img width=\"350\" height=\"200\" src=\"https:\/\/www.riomare.ca\/wp-content\/uploads\/2018\/04\/shutterstock_727282390.png\" class=\"attachment-large size-large\" alt=\"\" decoding=\"async\" loading=\"lazy\" srcset=\"https:\/\/www.riomare.ca\/wp-content\/uploads\/2018\/04\/shutterstock_727282390.png 350w, https:\/\/www.riomare.ca\/wp-content\/uploads\/2018\/04\/shutterstock_727282390-300x171.png 300w\" sizes=\"(max-width: 350px) 100vw, 350px\" \/>\t\t\t\t\t\t\n\t\t\t\t\t<\/div>\n\t\t\t\t\t\t<\/a>\t\t\n<style>\n#image_449196508 {\n  width: 100%;\n}\n<\/style>\n\t<\/div>\n\t\n<p style=\"font-size: 16px; line-height: 20px; padding: 0px 10px !important;\">Le thon Rio Mare est une fa\u00e7on sant\u00e9 et commode de familiariser les enfants avec le poisson car eux aussi l&rsquo;adorent! Savez-vous pourquoi? Parce qu\u2019il est savoureux, sans odeur ni ar\u00eates!<br \/>&nbsp;<\/p>\n<p class=\"plutobold uppercase\" style=\"margin-top: 30px !important; font-size: 18px; padding: 0px 10px !important;\"><a href=\"\/fr\/rio-mare-pour-des-enfants-plus-sains-et-plus-fort\/\">En savoir plus<\/a><\/p>\n\t\t<\/div>\n\t\t\t<\/div>\n\n\t\n\n\t<div id=\"col-1575932090\" class=\"col linkbenesserepochecalorie medium-6 small-12 large-3\"  >\n\t\t<div class=\"col-inner\"  >\n\t\t\t\n\t\t\t\n<p>&nbsp;<\/p>\n<h3 class=\"plutobold\" style=\"padding: 0px 10px; font-size: 24px; line-height: 26px;\">&nbsp;<br \/>Bien-\u00eatre et l\u00e9g\u00e8ret\u00e9<br \/>\n<\/h3>\n\t<div class=\"img has-hover x md-x lg-x y md-y lg-y\" id=\"image_806992525\">\n\t\t<a class=\"\" href=\"\/fr\/comparaison-des-valeurs-nutritionnelles\/\"  >\t\t\t\t\t\t<div class=\"img-inner dark\" >\n\t\t\t<img width=\"350\" height=\"200\" src=\"https:\/\/www.riomare.ca\/wp-content\/uploads\/2018\/04\/Livello-116.jpg\" class=\"attachment-large size-large\" alt=\"\" decoding=\"async\" loading=\"lazy\" srcset=\"https:\/\/www.riomare.ca\/wp-content\/uploads\/2018\/04\/Livello-116.jpg 350w, https:\/\/www.riomare.ca\/wp-content\/uploads\/2018\/04\/Livello-116-300x171.jpg 300w\" sizes=\"(max-width: 350px) 100vw, 350px\" \/>\t\t\t\t\t\t\n\t\t\t\t\t<\/div>\n\t\t\t\t\t\t<\/a>\t\t\n<style>\n#image_806992525 {\n  width: 100%;\n}\n<\/style>\n\t<\/div>\n\t\n<p style=\"font-size: 16px; line-height: 20px; padding: 0px 10px !important;\">Les produits Rio Mare sont plus l\u00e9gers et plus riches en nutriments que plusieurs aliments qui figurent souvent dans nos assiettes : nous les avons compar\u00e9s pour vous fournir de savoureuses alternatives..<\/p>\n<p class=\"plutobold uppercase\" style=\"margin-top: 30px !important; font-size: 18px; padding: 0px 10px !important;\"><a href=\"\/fr\/comparaison-des-valeurs-nutritionnelles\/\">En savoir plus<\/a><\/p>\n\t\t<\/div>\n\t\t\t<\/div>\n\n\t\n<\/div>\n\t\t<\/div>\n\n\t\t\n<style>\n#section_722985424 {\n  padding-top: 70px;\n  padding-bottom: 70px;\n  background-color: rgb(81, 159, 201);\n}\n<\/style>\n\t<\/section>\n\t\n\t<section class=\"section sliderhomepage sliderproducts\" id=\"section_1131028606\">\n\t\t<div class=\"bg section-bg fill bg-fill  bg-loaded\" >\n\n\t\t\t\n\t\t\t\n\t\t\t\n\n\t\t<\/div>\n\n\t\t<div class=\"section-content relative\">\n\t\t\t\n<div class=\"slider-wrapper relative\" id=\"slider-144519337\" >\n    <div class=\"slider slider-nav-simple slider-nav-large slider-nav-light slider-style-normal slider-show-nav\"\n        data-flickity-options='{\n            \"cellAlign\": \"center\",\n            \"imagesLoaded\": true,\n            \"lazyLoad\": 1,\n            \"freeScroll\": false,\n            \"wrapAround\": true,\n            \"autoPlay\": 6000,\n            \"pauseAutoPlayOnHover\" : true,\n            \"prevNextButtons\": true,\n            \"contain\" : true,\n            \"adaptiveHeight\" : true,\n            \"dragThreshold\" : 10,\n            \"percentPosition\": true,\n            \"pageDots\": false,\n            \"rightToLeft\": false,\n            \"draggable\": true,\n            \"selectedAttraction\": 0.1,\n            \"parallax\" : 0,\n            \"friction\": 0.6        }'\n        >\n        \n\n  <div class=\"banner has-hover\" id=\"banner-566710147\">\n          <div class=\"banner-inner fill\">\n        <div class=\"banner-bg fill\" >\n            <div class=\"bg fill bg-fill \"><\/div>\n                                    \n                    <\/div>\n        <div class=\"banner-layers container\">\n            <div class=\"fill banner-link\"><\/div>            \n   <div id=\"text-box-1778508863\" class=\"text-box banner-layer x50 md-x0 lg-x0 y90 md-y90 lg-y90 res-text\">\n                                <div class=\"text-box-content text \">\n              \n              <div class=\"text-inner text-center\">\n                  \n<div class=\"bannerbox\" style=\"text-align: left;\">\n<h1 class=\"uppercase plutobold\" style=\"font-size: 30px; line-height: 34px; letter-spacing: -2px;\"><strong>THON<\/strong><\/h1>\n<p class=\"plutoregular bannersubtitle\" style=\"padding-top: 20px!important; padding-bottom: 30px!important;\">Go\u00fbt unique, qualit\u00e9 et praticit\u00e9 en un seul produit. Le thon en conserve Rio Mare est une pr\u00e9cieuse source de prot\u00e9ines, de vitamines et de min\u00e9raux.\n<\/p>\n<\/div>\n<a href=\"https:\/\/www.riomare.ca\/fr\/produits\/thon\/\" target=\"_self\" class=\"button primary bannerbutton bannerbuttoncolor2\"  >\n    <span>En savoir plus<\/span>\n  <\/a>\n\n              <\/div>\n           <\/div>\n                            \n<style>\n#text-box-1778508863 .text-box-content {\n  background-color: rgb(255, 255, 255);\n  font-size: 100%;\n}\n#text-box-1778508863 .text-inner {\n  padding: 50px 50px 0px 50px;\n}\n#text-box-1778508863 {\n  width: 90%;\n}\n@media (min-width:550px) {\n  #text-box-1778508863 {\n    width: 80%;\n  }\n}\n@media (min-width:850px) {\n  #text-box-1778508863 {\n    width: 30%;\n  }\n}\n<\/style>\n    <\/div>\n \n        <\/div>\n      <\/div>\n\n            \n<style>\n#banner-566710147 {\n  padding-top: 700px;\n}\n#banner-566710147 .bg.bg-loaded {\n  background-image: url(https:\/\/www.riomare.ca\/wp-content\/uploads\/2018\/06\/header-pagina-tonno-1024x427.png);\n}\n#banner-566710147 .bg {\n  background-position: center;\n}\n<\/style>\n  <\/div>\n\n\n\n     <\/div>\n\n     <div class=\"loading-spin dark large centered\"><\/div>\n\n          <style>\n            #slider-144519337 .flickity-slider > *{ max-width: 100%!important;\n     <\/style>\n     \t<\/div>\n\n\n\t\t<\/div>\n\n\t\t\n<style>\n#section_1131028606 {\n  padding-top: 0px;\n  padding-bottom: 0px;\n}\n<\/style>\n\t<\/section>\n\t\n","protected":false},"excerpt":{"rendered":"","protected":false},"author":2,"featured_media":0,"parent":0,"menu_order":0,"comment_status":"closed","ping_status":"closed","template":"page-blank.php","meta":[],"acf":[],"yoast_head":"<!-- This site is optimized with the Yoast SEO plugin v19.13 - https:\/\/yoast.com\/wordpress\/plugins\/seo\/ -->\n<title>Rio Mare pour des enfants plus sains et plus fort - Rio Mare Canada<\/title>\n<meta name=\"description\" content=\"Il pesce \u00e8 un alimento prezioso per i bambini perch\u00e9 \u00e8 ricco di proteine e contiene vitamine e sali minerali- La carne di salmone \u00e8 fonte di Iodio, che contribuisce alla normale crescita dei bambini, ed \u00e8 ricca di vitamina B12 e niacina.\" \/>\n<meta name=\"robots\" content=\"index, follow, max-snippet:-1, max-image-preview:large, max-video-preview:-1\" \/>\n<link rel=\"canonical\" href=\"https:\/\/www.riomare.ca\/fr\/rio-mare-pour-des-enfants-plus-sains-et-plus-fort\/\" \/>\n<meta property=\"og:locale\" content=\"fr_FR\" \/>\n<meta property=\"og:type\" content=\"article\" \/>\n<meta property=\"og:title\" content=\"Rio Mare pour des enfants plus sains et plus fort - Rio Mare Canada\" \/>\n<meta property=\"og:description\" content=\"Il pesce \u00e8 un alimento prezioso per i bambini perch\u00e9 \u00e8 ricco di proteine e contiene vitamine e sali minerali- La carne di salmone \u00e8 fonte di Iodio, che contribuisce alla normale crescita dei bambini, ed \u00e8 ricca di vitamina B12 e niacina.\" \/>\n<meta property=\"og:url\" content=\"https:\/\/www.riomare.ca\/fr\/rio-mare-pour-des-enfants-plus-sains-et-plus-fort\/\" \/>\n<meta property=\"og:site_name\" content=\"Rio Mare Canada\" \/>\n<meta property=\"article:modified_time\" content=\"2023-01-24T16:26:38+00:00\" \/>\n<meta name=\"twitter:card\" content=\"summary_large_image\" \/>\n<meta name=\"twitter:label1\" content=\"Dur\u00e9e de lecture estim\u00e9e\" \/>\n\t<meta name=\"twitter:data1\" content=\"3 minutes\" \/>\n<script type=\"application\/ld+json\" class=\"yoast-schema-graph\">{\"@context\":\"https:\/\/schema.org\",\"@graph\":[{\"@type\":\"WebPage\",\"@id\":\"https:\/\/www.riomare.ca\/fr\/rio-mare-pour-des-enfants-plus-sains-et-plus-fort\/\",\"url\":\"https:\/\/www.riomare.ca\/fr\/rio-mare-pour-des-enfants-plus-sains-et-plus-fort\/\",\"name\":\"Rio Mare pour des enfants plus sains et plus fort - Rio Mare Canada\",\"isPartOf\":{\"@id\":\"https:\/\/www.riomare.ca\/#website\"},\"datePublished\":\"2018-06-27T08:54:03+00:00\",\"dateModified\":\"2023-01-24T16:26:38+00:00\",\"description\":\"Il pesce \u00e8 un alimento prezioso per i bambini perch\u00e9 \u00e8 ricco di proteine e contiene vitamine e sali minerali- La carne di salmone \u00e8 fonte di Iodio, che contribuisce alla normale crescita dei bambini, ed \u00e8 ricca di vitamina B12 e niacina.\",\"breadcrumb\":{\"@id\":\"https:\/\/www.riomare.ca\/fr\/rio-mare-pour-des-enfants-plus-sains-et-plus-fort\/#breadcrumb\"},\"inLanguage\":\"fr-FR\",\"potentialAction\":[{\"@type\":\"ReadAction\",\"target\":[\"https:\/\/www.riomare.ca\/fr\/rio-mare-pour-des-enfants-plus-sains-et-plus-fort\/\"]}]},{\"@type\":\"BreadcrumbList\",\"@id\":\"https:\/\/www.riomare.ca\/fr\/rio-mare-pour-des-enfants-plus-sains-et-plus-fort\/#breadcrumb\",\"itemListElement\":[{\"@type\":\"ListItem\",\"position\":1,\"name\":\"Home\",\"item\":\"https:\/\/www.riomare.ca\/fr\/\"},{\"@type\":\"ListItem\",\"position\":2,\"name\":\"Rio Mare pour des enfants plus sains et plus fort\"}]},{\"@type\":\"WebSite\",\"@id\":\"https:\/\/www.riomare.ca\/#website\",\"url\":\"https:\/\/www.riomare.ca\/\",\"name\":\"Rio Mare Canada\",\"description\":\"Rio Mare\",\"publisher\":{\"@id\":\"https:\/\/www.riomare.ca\/#organization\"},\"potentialAction\":[{\"@type\":\"SearchAction\",\"target\":{\"@type\":\"EntryPoint\",\"urlTemplate\":\"https:\/\/www.riomare.ca\/?s={search_term_string}\"},\"query-input\":\"required name=search_term_string\"}],\"inLanguage\":\"fr-FR\"},{\"@type\":\"Organization\",\"@id\":\"https:\/\/www.riomare.ca\/#organization\",\"name\":\"Rio Mare\",\"url\":\"https:\/\/www.riomare.ca\/\",\"logo\":{\"@type\":\"ImageObject\",\"inLanguage\":\"fr-FR\",\"@id\":\"https:\/\/www.riomare.ca\/#\/schema\/logo\/image\/\",\"url\":\"https:\/\/www.riomare.ca\/wp-content\/uploads\/2018\/06\/riomare.png\",\"contentUrl\":\"https:\/\/www.riomare.ca\/wp-content\/uploads\/2018\/06\/riomare.png\",\"width\":185,\"height\":106,\"caption\":\"Rio Mare\"},\"image\":{\"@id\":\"https:\/\/www.riomare.ca\/#\/schema\/logo\/image\/\"}}]}<\/script>\n<!-- \/ Yoast SEO plugin. -->","yoast_head_json":{"title":"Rio Mare pour des enfants plus sains et plus fort - Rio Mare Canada","description":"Il pesce \u00e8 un alimento prezioso per i bambini perch\u00e9 \u00e8 ricco di proteine e contiene vitamine e sali minerali- La carne di salmone \u00e8 fonte di Iodio, che contribuisce alla normale crescita dei bambini, ed \u00e8 ricca di vitamina B12 e niacina.","robots":{"index":"index","follow":"follow","max-snippet":"max-snippet:-1","max-image-preview":"max-image-preview:large","max-video-preview":"max-video-preview:-1"},"canonical":"https:\/\/www.riomare.ca\/fr\/rio-mare-pour-des-enfants-plus-sains-et-plus-fort\/","og_locale":"fr_FR","og_type":"article","og_title":"Rio Mare pour des enfants plus sains et plus fort - Rio Mare Canada","og_description":"Il pesce \u00e8 un alimento prezioso per i bambini perch\u00e9 \u00e8 ricco di proteine e contiene vitamine e sali minerali- La carne di salmone \u00e8 fonte di Iodio, che contribuisce alla normale crescita dei bambini, ed \u00e8 ricca di vitamina B12 e niacina.","og_url":"https:\/\/www.riomare.ca\/fr\/rio-mare-pour-des-enfants-plus-sains-et-plus-fort\/","og_site_name":"Rio Mare Canada","article_modified_time":"2023-01-24T16:26:38+00:00","twitter_card":"summary_large_image","twitter_misc":{"Dur\u00e9e de lecture estim\u00e9e":"3 minutes"},"schema":{"@context":"https:\/\/schema.org","@graph":[{"@type":"WebPage","@id":"https:\/\/www.riomare.ca\/fr\/rio-mare-pour-des-enfants-plus-sains-et-plus-fort\/","url":"https:\/\/www.riomare.ca\/fr\/rio-mare-pour-des-enfants-plus-sains-et-plus-fort\/","name":"Rio Mare pour des enfants plus sains et plus fort - Rio Mare Canada","isPartOf":{"@id":"https:\/\/www.riomare.ca\/#website"},"datePublished":"2018-06-27T08:54:03+00:00","dateModified":"2023-01-24T16:26:38+00:00","description":"Il pesce \u00e8 un alimento prezioso per i bambini perch\u00e9 \u00e8 ricco di proteine e contiene vitamine e sali minerali- La carne di salmone \u00e8 fonte di Iodio, che contribuisce alla normale crescita dei bambini, ed \u00e8 ricca di vitamina B12 e niacina.","breadcrumb":{"@id":"https:\/\/www.riomare.ca\/fr\/rio-mare-pour-des-enfants-plus-sains-et-plus-fort\/#breadcrumb"},"inLanguage":"fr-FR","potentialAction":[{"@type":"ReadAction","target":["https:\/\/www.riomare.ca\/fr\/rio-mare-pour-des-enfants-plus-sains-et-plus-fort\/"]}]},{"@type":"BreadcrumbList","@id":"https:\/\/www.riomare.ca\/fr\/rio-mare-pour-des-enfants-plus-sains-et-plus-fort\/#breadcrumb","itemListElement":[{"@type":"ListItem","position":1,"name":"Home","item":"https:\/\/www.riomare.ca\/fr\/"},{"@type":"ListItem","position":2,"name":"Rio Mare pour des enfants plus sains et plus fort"}]},{"@type":"WebSite","@id":"https:\/\/www.riomare.ca\/#website","url":"https:\/\/www.riomare.ca\/","name":"Rio Mare Canada","description":"Rio Mare","publisher":{"@id":"https:\/\/www.riomare.ca\/#organization"},"potentialAction":[{"@type":"SearchAction","target":{"@type":"EntryPoint","urlTemplate":"https:\/\/www.riomare.ca\/?s={search_term_string}"},"query-input":"required name=search_term_string"}],"inLanguage":"fr-FR"},{"@type":"Organization","@id":"https:\/\/www.riomare.ca\/#organization","name":"Rio Mare","url":"https:\/\/www.riomare.ca\/","logo":{"@type":"ImageObject","inLanguage":"fr-FR","@id":"https:\/\/www.riomare.ca\/#\/schema\/logo\/image\/","url":"https:\/\/www.riomare.ca\/wp-content\/uploads\/2018\/06\/riomare.png","contentUrl":"https:\/\/www.riomare.ca\/wp-content\/uploads\/2018\/06\/riomare.png","width":185,"height":106,"caption":"Rio Mare"},"image":{"@id":"https:\/\/www.riomare.ca\/#\/schema\/logo\/image\/"}}]}},"_links":{"self":[{"href":"https:\/\/www.riomare.ca\/fr\/wp-json\/wp\/v2\/pages\/3770"}],"collection":[{"href":"https:\/\/www.riomare.ca\/fr\/wp-json\/wp\/v2\/pages"}],"about":[{"href":"https:\/\/www.riomare.ca\/fr\/wp-json\/wp\/v2\/types\/page"}],"author":[{"embeddable":true,"href":"https:\/\/www.riomare.ca\/fr\/wp-json\/wp\/v2\/users\/2"}],"replies":[{"embeddable":true,"href":"https:\/\/www.riomare.ca\/fr\/wp-json\/wp\/v2\/comments?post=3770"}],"version-history":[{"count":10,"href":"https:\/\/www.riomare.ca\/fr\/wp-json\/wp\/v2\/pages\/3770\/revisions"}],"predecessor-version":[{"id":5010,"href":"https:\/\/www.riomare.ca\/fr\/wp-json\/wp\/v2\/pages\/3770\/revisions\/5010"}],"wp:attachment":[{"href":"https:\/\/www.riomare.ca\/fr\/wp-json\/wp\/v2\/media?parent=3770"}],"curies":[{"name":"wp","href":"https:\/\/api.w.org\/{rel}","templated":true}]}}